{"id":16,"date":"2022-08-21T22:37:11","date_gmt":"2022-08-21T19:37:11","guid":{"rendered":"http:\/\/encaturizm.com\/01-seyahat\/?page_id=16"},"modified":"2022-08-30T21:54:33","modified_gmt":"2022-08-30T18:54:33","slug":"referanslar","status":"publish","type":"page","link":"https:\/\/encaturizm.com\/01-seyahat\/referanslar\/","title":{"rendered":"Referanslar"},"content":{"rendered":"\t\t<div data-elementor-type=\"wp-page\" data-elementor-id=\"16\" class=\"elementor elementor-16\">\n\t\t\t\t\t\t\t\t\t<section class=\"elementor-section elementor-top-section elementor-element elementor-element-3696204 elementor-section-boxed elementor-section-height-default elementor-section-height-default\" data-id=\"3696204\" data-element_type=\"section\">\n\t\t\t\t\t\t<div class=\"elementor-container elementor-column-gap-default\">\n\t\t\t\t\t<div class=\"elementor-column elementor-col-50 elementor-top-column elementor-element elementor-element-18a281a\" data-id=\"18a281a\" data-element_type=\"column\">\n\t\t\t<div class=\"elementor-widget-wrap elementor-element-populated\">\n\t\t\t\t\t\t\t\t<div class=\"elementor-element elementor-element-2dfa8cc elementor-widget elementor-widget-image\" data-id=\"2dfa8cc\" data-element_type=\"widget\" data-widget_type=\"image.default\">\n\t\t\t\t<div class=\"elementor-widget-container\">\n\t\t\t<style>\/*! elementor - v3.7.6 - 15-09-2022 *\/\n.elementor-widget-image{text-align:center}.elementor-widget-image a{display:inline-block}.elementor-widget-image a img[src$=\".svg\"]{width:48px}.elementor-widget-image img{vertical-align:middle;display:inline-block}<\/style>\t\t\t\t\t\t\t\t\t\t\t\t<img loading=\"lazy\" decoding=\"async\" width=\"300\" height=\"300\" src=\"https:\/\/encaturizm.com\/01-seyahat\/wp-content\/uploads\/2022\/08\/fgi-300x300.png\" class=\"attachment-medium size-medium\" alt=\"\" srcset=\"https:\/\/encaturizm.com\/01-seyahat\/wp-content\/uploads\/2022\/08\/fgi-300x300.png 300w, https:\/\/encaturizm.com\/01-seyahat\/wp-content\/uploads\/2022\/08\/fgi-150x150.png 150w, https:\/\/encaturizm.com\/01-seyahat\/wp-content\/uploads\/2022\/08\/fgi.png 500w\" sizes=\"auto, (max-width: 300px) 100vw, 300px\" \/>\t\t\t\t\t\t\t\t\t\t\t\t\t\t\t<\/div>\n\t\t\t\t<\/div>\n\t\t\t\t\t<\/div>\n\t\t<\/div>\n\t\t\t\t<div class=\"elementor-column elementor-col-50 elementor-top-column elementor-element elementor-element-e8e94e4\" data-id=\"e8e94e4\" data-element_type=\"column\">\n\t\t\t<div class=\"elementor-widget-wrap elementor-element-populated\">\n\t\t\t\t\t\t\t\t<div class=\"elementor-element elementor-element-4badb59 elementor-widget elementor-widget-text-editor\" data-id=\"4badb59\" data-element_type=\"widget\" data-widget_type=\"text-editor.default\">\n\t\t\t\t<div class=\"elementor-widget-container\">\n\t\t\t<style>\/*! elementor - v3.7.6 - 15-09-2022 *\/\n.elementor-widget-text-editor.elementor-drop-cap-view-stacked .elementor-drop-cap{background-color:#818a91;color:#fff}.elementor-widget-text-editor.elementor-drop-cap-view-framed .elementor-drop-cap{color:#818a91;border:3px solid;background-color:transparent}.elementor-widget-text-editor:not(.elementor-drop-cap-view-default) .elementor-drop-cap{margin-top:8px}.elementor-widget-text-editor:not(.elementor-drop-cap-view-default) .elementor-drop-cap-letter{width:1em;height:1em}.elementor-widget-text-editor .elementor-drop-cap{float:left;text-align:center;line-height:1;font-size:50px}.elementor-widget-text-editor .elementor-drop-cap-letter{display:inline-block}<\/style>\t\t\t\t<p class=\"MsoNormal\">\u00a0\u00a0<a href=\"https:\/\/www.fgi.com.tr\/\" target=\"_blank\" rel=\"noopener\">FG\u0130 Kap\u0131 ve Y\u00fckleme Teknolojileri A.\u015e. Sakarya<\/a><\/p>\t\t\t\t\t\t<\/div>\n\t\t\t\t<\/div>\n\t\t\t\t\t<\/div>\n\t\t<\/div>\n\t\t\t\t\t\t\t<\/div>\n\t\t<\/section>\n\t\t\t\t\t\t\t<\/div>\n\t\t","protected":false},"excerpt":{"rendered":"<p>\u00a0\u00a0FG\u0130 Kap\u0131 ve Y\u00fckleme Teknolojileri A.\u015e. Sakarya<\/p>\n","protected":false},"author":1,"featured_media":0,"parent":0,"menu_order":0,"comment_status":"closed","ping_status":"closed","template":"","meta":{"footnotes":""},"class_list":["post-16","page","type-page","status-publish","hentry"],"_links":{"self":[{"href":"https:\/\/encaturizm.com\/01-seyahat\/wp-json\/wp\/v2\/pages\/16","targetHints":{"allow":["GET"]}}],"collection":[{"href":"https:\/\/encaturizm.com\/01-seyahat\/wp-json\/wp\/v2\/pages"}],"about":[{"href":"https:\/\/encaturizm.com\/01-seyahat\/wp-json\/wp\/v2\/types\/page"}],"author":[{"embeddable":true,"href":"https:\/\/encaturizm.com\/01-seyahat\/wp-json\/wp\/v2\/users\/1"}],"replies":[{"embeddable":true,"href":"https:\/\/encaturizm.com\/01-seyahat\/wp-json\/wp\/v2\/comments?post=16"}],"version-history":[{"count":8,"href":"https:\/\/encaturizm.com\/01-seyahat\/wp-json\/wp\/v2\/pages\/16\/revisions"}],"predecessor-version":[{"id":976,"href":"https:\/\/encaturizm.com\/01-seyahat\/wp-json\/wp\/v2\/pages\/16\/revisions\/976"}],"wp:attachment":[{"href":"https:\/\/encaturizm.com\/01-seyahat\/wp-json\/wp\/v2\/media?parent=16"}],"curies":[{"name":"wp","href":"https:\/\/api.w.org\/{rel}","templated":true}]}}