{"id":20,"date":"2022-08-21T22:38:11","date_gmt":"2022-08-21T19:38:11","guid":{"rendered":"http:\/\/encaturizm.com\/01-seyahat\/?page_id=20"},"modified":"2022-08-30T20:18:42","modified_gmt":"2022-08-30T17:18:42","slug":"hizmetlerimi-personel-servisleri","status":"publish","type":"page","link":"https:\/\/encaturizm.com\/01-seyahat\/hizmetlerimi-personel-servisleri\/","title":{"rendered":"Personel Ta\u015f\u0131mac\u0131l\u0131\u011f\u0131"},"content":{"rendered":"\t\t<div data-elementor-type=\"wp-page\" data-elementor-id=\"20\" class=\"elementor elementor-20\">\n\t\t\t\t\t\t\t\t\t<section class=\"elementor-section elementor-top-section elementor-element elementor-element-833f260 elementor-section-full_width elementor-section-height-default elementor-section-height-default elementor-invisible\" data-id=\"833f260\" data-element_type=\"section\" data-settings=\"{&quot;animation&quot;:&quot;fadeInDown&quot;}\">\n\t\t\t\t\t\t<div class=\"elementor-container elementor-column-gap-default\">\n\t\t\t\t\t<div class=\"elementor-column elementor-col-50 elementor-top-column elementor-element elementor-element-4124228\" data-id=\"4124228\" data-element_type=\"column\">\n\t\t\t<div class=\"elementor-widget-wrap elementor-element-populated\">\n\t\t\t\t\t\t\t\t<div class=\"elementor-element elementor-element-ed7b0df elementor-widget elementor-widget-image\" data-id=\"ed7b0df\" data-element_type=\"widget\" data-widget_type=\"image.default\">\n\t\t\t\t<div class=\"elementor-widget-container\">\n\t\t\t<style>\/*! elementor - v3.7.6 - 15-09-2022 *\/\n.elementor-widget-image{text-align:center}.elementor-widget-image a{display:inline-block}.elementor-widget-image a img[src$=\".svg\"]{width:48px}.elementor-widget-image img{vertical-align:middle;display:inline-block}<\/style>\t\t\t\t\t\t\t\t\t\t\t\t<img loading=\"lazy\" decoding=\"async\" width=\"1024\" height=\"683\" src=\"https:\/\/encaturizm.com\/01-seyahat\/wp-content\/uploads\/2022\/08\/SLAYT04-1024x683.jpg\" class=\"attachment-large size-large\" alt=\"\" srcset=\"https:\/\/encaturizm.com\/01-seyahat\/wp-content\/uploads\/2022\/08\/SLAYT04-1024x683.jpg 1024w, https:\/\/encaturizm.com\/01-seyahat\/wp-content\/uploads\/2022\/08\/SLAYT04-300x200.jpg 300w, https:\/\/encaturizm.com\/01-seyahat\/wp-content\/uploads\/2022\/08\/SLAYT04-768x512.jpg 768w, https:\/\/encaturizm.com\/01-seyahat\/wp-content\/uploads\/2022\/08\/SLAYT04-1536x1024.jpg 1536w, https:\/\/encaturizm.com\/01-seyahat\/wp-content\/uploads\/2022\/08\/SLAYT04.jpg 1620w\" sizes=\"auto, (max-width: 1024px) 100vw, 1024px\" \/>\t\t\t\t\t\t\t\t\t\t\t\t\t\t\t<\/div>\n\t\t\t\t<\/div>\n\t\t\t\t\t<\/div>\n\t\t<\/div>\n\t\t\t\t<div class=\"elementor-column elementor-col-50 elementor-top-column elementor-element elementor-element-13b5096\" data-id=\"13b5096\" data-element_type=\"column\">\n\t\t\t<div class=\"elementor-widget-wrap elementor-element-populated\">\n\t\t\t\t\t\t\t\t<div class=\"elementor-element elementor-element-3c0c532 elementor-widget elementor-widget-text-editor\" data-id=\"3c0c532\" data-element_type=\"widget\" data-widget_type=\"text-editor.default\">\n\t\t\t\t<div class=\"elementor-widget-container\">\n\t\t\t<style>\/*! elementor - v3.7.6 - 15-09-2022 *\/\n.elementor-widget-text-editor.elementor-drop-cap-view-stacked .elementor-drop-cap{background-color:#818a91;color:#fff}.elementor-widget-text-editor.elementor-drop-cap-view-framed .elementor-drop-cap{color:#818a91;border:3px solid;background-color:transparent}.elementor-widget-text-editor:not(.elementor-drop-cap-view-default) .elementor-drop-cap{margin-top:8px}.elementor-widget-text-editor:not(.elementor-drop-cap-view-default) .elementor-drop-cap-letter{width:1em;height:1em}.elementor-widget-text-editor .elementor-drop-cap{float:left;text-align:center;line-height:1;font-size:50px}.elementor-widget-text-editor .elementor-drop-cap-letter{display:inline-block}<\/style>\t\t\t\t<p>Personelin sorunsuz bir \u015fekilde kaliteli ve konforlu bir yolculuk ve g\u00fcler y\u00fczl\u00fc hizmetle zaman\u0131nda mesaisine ba\u015flamas\u0131; ayn\u0131 duyarl\u0131l\u0131kla mesai bitimi belirlenen g\u00fczergahlarda sorunsuz bir \u015fekilde evlerine ula\u015fmalar\u0131 temel motivasyonumuzdur.<\/p><p><span style=\"text-indent: 0em;\">Sahaya ba\u015far\u0131yla yans\u0131tt\u0131\u011f\u0131m\u0131z hizmet kalitemizle, m\u00fc\u015fterilerimizin g\u00f6z\u00fcnde kazand\u0131\u011f\u0131m\u0131z g\u00fcvenle ENCA Turizm,\u00a0 kamunun g\u00fcvenlik hassasiyetiyle yakla\u015ft\u0131\u011f\u0131 alanlardan \u00f6zel sekt\u00f6r\u00fcn b\u00fcy\u00fck \u015firketlerine uzanan geni\u015f bir m\u00fc\u015fteri portf\u00f6y\u00fcne sahiptir.<\/span><\/p>\t\t\t\t\t\t<\/div>\n\t\t\t\t<\/div>\n\t\t\t\t\t<\/div>\n\t\t<\/div>\n\t\t\t\t\t\t\t<\/div>\n\t\t<\/section>\n\t\t\t\t<section class=\"elementor-section elementor-top-section elementor-element elementor-element-f13ab9c elementor-section-boxed elementor-section-height-default elementor-section-height-default elementor-invisible\" data-id=\"f13ab9c\" data-element_type=\"section\" data-settings=\"{&quot;animation&quot;:&quot;fadeInLeft&quot;}\">\n\t\t\t\t\t\t<div class=\"elementor-container elementor-column-gap-default\">\n\t\t\t\t\t<div class=\"elementor-column elementor-col-50 elementor-top-column elementor-element elementor-element-6e022b1\" data-id=\"6e022b1\" data-element_type=\"column\">\n\t\t\t<div class=\"elementor-widget-wrap elementor-element-populated\">\n\t\t\t\t\t\t\t\t<div class=\"elementor-element elementor-element-b5fd283 elementor-widget elementor-widget-text-editor\" data-id=\"b5fd283\" data-element_type=\"widget\" data-widget_type=\"text-editor.default\">\n\t\t\t\t<div class=\"elementor-widget-container\">\n\t\t\t\t\t\t\t<p><span style=\"text-indent: 0em;\">Personelimiz evinden i\u015fyerine, mesai kayb\u0131na sebebiyet\nvermeden, i\u015fyerinden evine en g\u00fcvenli \u015fekilde zaman\u0131nda ula\u015ft\u0131r\u0131l\u0131r. Teknik\nolarak geli\u015fmi\u015f yeni ara\u00e7lar\u0131m\u0131zla hizmet alan personellerimiz sigorta\ng\u00fcvencesi alt\u0131ndad\u0131r. Belirtilen servis g\u00fczergahlar\u0131nda senenin 365 g\u00fcn\u00fc\nkesintisiz hizmet vermekteyiz.<\/span><br><\/p><p><o:p><\/o:p><\/p>\t\t\t\t\t\t<\/div>\n\t\t\t\t<\/div>\n\t\t\t\t\t<\/div>\n\t\t<\/div>\n\t\t\t\t<div class=\"elementor-column elementor-col-50 elementor-top-column elementor-element elementor-element-720a3d7\" data-id=\"720a3d7\" data-element_type=\"column\">\n\t\t\t<div class=\"elementor-widget-wrap elementor-element-populated\">\n\t\t\t\t\t\t\t\t<div class=\"elementor-element elementor-element-c18c718 elementor-widget elementor-widget-image\" data-id=\"c18c718\" data-element_type=\"widget\" data-widget_type=\"image.default\">\n\t\t\t\t<div class=\"elementor-widget-container\">\n\t\t\t\t\t\t\t\t\t\t\t\t\t\t\t<img loading=\"lazy\" decoding=\"async\" width=\"1024\" height=\"683\" src=\"https:\/\/encaturizm.com\/01-seyahat\/wp-content\/uploads\/2022\/08\/SLAYT02-1024x683.jpg\" class=\"attachment-large size-large\" alt=\"\" srcset=\"https:\/\/encaturizm.com\/01-seyahat\/wp-content\/uploads\/2022\/08\/SLAYT02-1024x683.jpg 1024w, https:\/\/encaturizm.com\/01-seyahat\/wp-content\/uploads\/2022\/08\/SLAYT02-300x200.jpg 300w, https:\/\/encaturizm.com\/01-seyahat\/wp-content\/uploads\/2022\/08\/SLAYT02-768x512.jpg 768w, https:\/\/encaturizm.com\/01-seyahat\/wp-content\/uploads\/2022\/08\/SLAYT02-1536x1024.jpg 1536w, https:\/\/encaturizm.com\/01-seyahat\/wp-content\/uploads\/2022\/08\/SLAYT02.jpg 1620w\" sizes=\"auto, (max-width: 1024px) 100vw, 1024px\" \/>\t\t\t\t\t\t\t\t\t\t\t\t\t\t\t<\/div>\n\t\t\t\t<\/div>\n\t\t\t\t\t<\/div>\n\t\t<\/div>\n\t\t\t\t\t\t\t<\/div>\n\t\t<\/section>\n\t\t\t\t\t\t\t<\/div>\n\t\t","protected":false},"excerpt":{"rendered":"<p>Personelin sorunsuz bir \u015fekilde kaliteli ve konforlu bir yolculuk ve g\u00fcler y\u00fczl\u00fc hizmetle zaman\u0131nda mesaisine ba\u015flamas\u0131; ayn\u0131 duyarl\u0131l\u0131kla mesai bitimi belirlenen g\u00fczergahlarda sorunsuz bir \u015fekilde &hellip;<\/p>\n","protected":false},"author":1,"featured_media":0,"parent":0,"menu_order":0,"comment_status":"closed","ping_status":"closed","template":"","meta":{"footnotes":""},"class_list":["post-20","page","type-page","status-publish","hentry"],"_links":{"self":[{"href":"https:\/\/encaturizm.com\/01-seyahat\/wp-json\/wp\/v2\/pages\/20","targetHints":{"allow":["GET"]}}],"collection":[{"href":"https:\/\/encaturizm.com\/01-seyahat\/wp-json\/wp\/v2\/pages"}],"about":[{"href":"https:\/\/encaturizm.com\/01-seyahat\/wp-json\/wp\/v2\/types\/page"}],"author":[{"embeddable":true,"href":"https:\/\/encaturizm.com\/01-seyahat\/wp-json\/wp\/v2\/users\/1"}],"replies":[{"embeddable":true,"href":"https:\/\/encaturizm.com\/01-seyahat\/wp-json\/wp\/v2\/comments?post=20"}],"version-history":[{"count":38,"href":"https:\/\/encaturizm.com\/01-seyahat\/wp-json\/wp\/v2\/pages\/20\/revisions"}],"predecessor-version":[{"id":885,"href":"https:\/\/encaturizm.com\/01-seyahat\/wp-json\/wp\/v2\/pages\/20\/revisions\/885"}],"wp:attachment":[{"href":"https:\/\/encaturizm.com\/01-seyahat\/wp-json\/wp\/v2\/media?parent=20"}],"curies":[{"name":"wp","href":"https:\/\/api.w.org\/{rel}","templated":true}]}}