{"id":22,"date":"2022-08-21T22:38:32","date_gmt":"2022-08-21T19:38:32","guid":{"rendered":"http:\/\/encaturizm.com\/01-seyahat\/?page_id=22"},"modified":"2022-08-30T21:16:45","modified_gmt":"2022-08-30T18:16:45","slug":"hizmetlerimiz-ogrenci-servislerimiz","status":"publish","type":"page","link":"https:\/\/encaturizm.com\/01-seyahat\/hizmetlerimiz-ogrenci-servislerimiz\/","title":{"rendered":"\u00d6\u011frenci Ta\u015f\u0131mac\u0131l\u0131\u011f\u0131"},"content":{"rendered":"\t\t<div data-elementor-type=\"wp-page\" data-elementor-id=\"22\" class=\"elementor elementor-22\">\n\t\t\t\t\t\t\t\t\t<section class=\"elementor-section elementor-top-section elementor-element elementor-element-cdb9b48 elementor-section-boxed elementor-section-height-default elementor-section-height-default elementor-invisible\" data-id=\"cdb9b48\" data-element_type=\"section\" data-settings=\"{&quot;animation&quot;:&quot;fadeInRight&quot;}\">\n\t\t\t\t\t\t<div class=\"elementor-container elementor-column-gap-default\">\n\t\t\t\t\t<div class=\"elementor-column elementor-col-50 elementor-top-column elementor-element elementor-element-451cf55\" data-id=\"451cf55\" data-element_type=\"column\">\n\t\t\t<div class=\"elementor-widget-wrap elementor-element-populated\">\n\t\t\t\t\t\t\t\t<div class=\"elementor-element elementor-element-3ca3b65 elementor-widget elementor-widget-text-editor\" data-id=\"3ca3b65\" data-element_type=\"widget\" data-widget_type=\"text-editor.default\">\n\t\t\t\t<div class=\"elementor-widget-container\">\n\t\t\t<style>\/*! elementor - v3.7.6 - 15-09-2022 *\/\n.elementor-widget-text-editor.elementor-drop-cap-view-stacked .elementor-drop-cap{background-color:#818a91;color:#fff}.elementor-widget-text-editor.elementor-drop-cap-view-framed .elementor-drop-cap{color:#818a91;border:3px solid;background-color:transparent}.elementor-widget-text-editor:not(.elementor-drop-cap-view-default) .elementor-drop-cap{margin-top:8px}.elementor-widget-text-editor:not(.elementor-drop-cap-view-default) .elementor-drop-cap-letter{width:1em;height:1em}.elementor-widget-text-editor .elementor-drop-cap{float:left;text-align:center;line-height:1;font-size:50px}.elementor-widget-text-editor .elementor-drop-cap-letter{display:inline-block}<\/style>\t\t\t\t<p class=\"MsoNormal\">\u00d6\u011frenci ta\u015f\u0131mac\u0131l\u0131\u011f\u0131nda ana vizyonumuz, ta\u015f\u0131m\u0131\u015f oldu\u011fumuz \u00f6\u011frencilerimizin g\u00fcvenlik ve konforunu sa\u011flayarak, kaliteli hizmet anlay\u0131\u015f\u0131m\u0131zla tam zaman\u0131nda eksiksiz hizmet vermektir.<\/p><p class=\"MsoNormal\">\u00d6\u011frencilerimizin ula\u015f\u0131m\u0131, evlerden al\u0131nmalar\u0131 ve ders\nbitiminde evlerine b\u0131rak\u0131lmalar\u0131, tecr\u00fcbeli \u015fof\u00f6rler ve alan\u0131nda uzman\nhostesler taraf\u0131ndan en g\u00fcvenli \u015fekilde sa\u011flanmaktad\u0131r.<o:p><\/o:p><\/p>\t\t\t\t\t\t<\/div>\n\t\t\t\t<\/div>\n\t\t\t\t\t<\/div>\n\t\t<\/div>\n\t\t\t\t<div class=\"elementor-column elementor-col-50 elementor-top-column elementor-element elementor-element-a2a237d\" data-id=\"a2a237d\" data-element_type=\"column\">\n\t\t\t<div class=\"elementor-widget-wrap elementor-element-populated\">\n\t\t\t\t\t\t\t\t<div class=\"elementor-element elementor-element-94e228b elementor-widget elementor-widget-image\" data-id=\"94e228b\" data-element_type=\"widget\" data-widget_type=\"image.default\">\n\t\t\t\t<div class=\"elementor-widget-container\">\n\t\t\t<style>\/*! elementor - v3.7.6 - 15-09-2022 *\/\n.elementor-widget-image{text-align:center}.elementor-widget-image a{display:inline-block}.elementor-widget-image a img[src$=\".svg\"]{width:48px}.elementor-widget-image img{vertical-align:middle;display:inline-block}<\/style>\t\t\t\t\t\t\t\t\t\t\t\t<img loading=\"lazy\" decoding=\"async\" width=\"640\" height=\"426\" src=\"https:\/\/encaturizm.com\/01-seyahat\/wp-content\/uploads\/2022\/08\/ogrenci_tasimacilik-1.jpg\" class=\"attachment-large size-large\" alt=\"\" srcset=\"https:\/\/encaturizm.com\/01-seyahat\/wp-content\/uploads\/2022\/08\/ogrenci_tasimacilik-1.jpg 640w, https:\/\/encaturizm.com\/01-seyahat\/wp-content\/uploads\/2022\/08\/ogrenci_tasimacilik-1-300x200.jpg 300w, https:\/\/encaturizm.com\/01-seyahat\/wp-content\/uploads\/2022\/08\/ogrenci_tasimacilik-1-451x300.jpg 451w\" sizes=\"auto, (max-width: 640px) 100vw, 640px\" \/>\t\t\t\t\t\t\t\t\t\t\t\t\t\t\t<\/div>\n\t\t\t\t<\/div>\n\t\t\t\t\t<\/div>\n\t\t<\/div>\n\t\t\t\t\t\t\t<\/div>\n\t\t<\/section>\n\t\t\t\t<section class=\"elementor-section elementor-top-section elementor-element elementor-element-0cd0b77 elementor-section-boxed elementor-section-height-default elementor-section-height-default elementor-invisible\" data-id=\"0cd0b77\" data-element_type=\"section\" data-settings=\"{&quot;animation&quot;:&quot;fadeInLeft&quot;}\">\n\t\t\t\t\t\t<div class=\"elementor-container elementor-column-gap-default\">\n\t\t\t\t\t<div class=\"elementor-column elementor-col-50 elementor-top-column elementor-element elementor-element-c6eec6f\" data-id=\"c6eec6f\" data-element_type=\"column\">\n\t\t\t<div class=\"elementor-widget-wrap elementor-element-populated\">\n\t\t\t\t\t\t\t\t<div class=\"elementor-element elementor-element-21bf319 elementor-widget elementor-widget-image\" data-id=\"21bf319\" data-element_type=\"widget\" data-widget_type=\"image.default\">\n\t\t\t\t<div class=\"elementor-widget-container\">\n\t\t\t\t\t\t\t\t\t\t\t\t\t\t\t<img loading=\"lazy\" decoding=\"async\" width=\"594\" height=\"414\" src=\"https:\/\/encaturizm.com\/01-seyahat\/wp-content\/uploads\/2022\/08\/ogrenci_gorsel____.jpg\" class=\"attachment-large size-large\" alt=\"\" srcset=\"https:\/\/encaturizm.com\/01-seyahat\/wp-content\/uploads\/2022\/08\/ogrenci_gorsel____.jpg 594w, https:\/\/encaturizm.com\/01-seyahat\/wp-content\/uploads\/2022\/08\/ogrenci_gorsel____-300x209.jpg 300w, https:\/\/encaturizm.com\/01-seyahat\/wp-content\/uploads\/2022\/08\/ogrenci_gorsel____-430x300.jpg 430w\" sizes=\"auto, (max-width: 594px) 100vw, 594px\" \/>\t\t\t\t\t\t\t\t\t\t\t\t\t\t\t<\/div>\n\t\t\t\t<\/div>\n\t\t\t\t\t<\/div>\n\t\t<\/div>\n\t\t\t\t<div class=\"elementor-column elementor-col-50 elementor-top-column elementor-element elementor-element-5b4a234\" data-id=\"5b4a234\" data-element_type=\"column\">\n\t\t\t<div class=\"elementor-widget-wrap elementor-element-populated\">\n\t\t\t\t\t\t\t\t<div class=\"elementor-element elementor-element-e017e04 elementor-widget elementor-widget-text-editor\" data-id=\"e017e04\" data-element_type=\"widget\" data-widget_type=\"text-editor.default\">\n\t\t\t\t<div class=\"elementor-widget-container\">\n\t\t\t\t\t\t\t<p class=\"MsoNormal\">ENCA Turizm&#8217;in \u00d6\u011frenci Ta\u015f\u0131mac\u0131l\u0131\u011f\u0131nda dikkat etti\u011fi hususlar;<o:p><\/o:p><\/p>\n<p class=\"MsoNormal\">&#8211; Ara\u00e7lar\u0131n\u0131n bak\u0131ml\u0131 ve yeni olmas\u0131,<o:p><\/o:p><\/p>\n<p class=\"MsoNormal\">&#8211; G\u00fcvenlik tedbirlerine uyulmas\u0131,<o:p><\/o:p><\/p>\n<p class=\"MsoNormal\">&#8211; Hem g\u00fcler y\u00fczl\u00fc hem de i\u015fini bilen bir personel kadroya<br>\nsahip olunmas\u0131,<o:p><\/o:p><\/p>\n<p class=\"MsoNormal\">&#8211; Kanun ve kurallara tam anlam\u0131yla uyulmas\u0131 yer almaktad\u0131r.<o:p><\/o:p><\/p>\n<p class=\"MsoNormal\">\n<\/p><p class=\"MsoNormal\">ENCA Turizm\u2019in \u00d6\u011frenci ta\u015f\u0131mac\u0131l\u0131\u011f\u0131ndaki fark\u0131n\u0131 \u00f6\u011frenmek ve<br>\ndaha detayl\u0131 bilgi alabilmek i\u00e7in bizi arayabilirsiniz..<o:p><\/o:p><\/p>\t\t\t\t\t\t<\/div>\n\t\t\t\t<\/div>\n\t\t\t\t\t<\/div>\n\t\t<\/div>\n\t\t\t\t\t\t\t<\/div>\n\t\t<\/section>\n\t\t\t\t\t\t\t<\/div>\n\t\t","protected":false},"excerpt":{"rendered":"<p>\u00d6\u011frenci ta\u015f\u0131mac\u0131l\u0131\u011f\u0131nda ana vizyonumuz, ta\u015f\u0131m\u0131\u015f oldu\u011fumuz \u00f6\u011frencilerimizin g\u00fcvenlik ve konforunu sa\u011flayarak, kaliteli hizmet anlay\u0131\u015f\u0131m\u0131zla tam zaman\u0131nda eksiksiz hizmet vermektir. \u00d6\u011frencilerimizin ula\u015f\u0131m\u0131, evlerden al\u0131nmalar\u0131 ve ders &hellip;<\/p>\n","protected":false},"author":1,"featured_media":0,"parent":0,"menu_order":0,"comment_status":"closed","ping_status":"closed","template":"","meta":{"footnotes":""},"class_list":["post-22","page","type-page","status-publish","hentry"],"_links":{"self":[{"href":"https:\/\/encaturizm.com\/01-seyahat\/wp-json\/wp\/v2\/pages\/22","targetHints":{"allow":["GET"]}}],"collection":[{"href":"https:\/\/encaturizm.com\/01-seyahat\/wp-json\/wp\/v2\/pages"}],"about":[{"href":"https:\/\/encaturizm.com\/01-seyahat\/wp-json\/wp\/v2\/types\/page"}],"author":[{"embeddable":true,"href":"https:\/\/encaturizm.com\/01-seyahat\/wp-json\/wp\/v2\/users\/1"}],"replies":[{"embeddable":true,"href":"https:\/\/encaturizm.com\/01-seyahat\/wp-json\/wp\/v2\/comments?post=22"}],"version-history":[{"count":26,"href":"https:\/\/encaturizm.com\/01-seyahat\/wp-json\/wp\/v2\/pages\/22\/revisions"}],"predecessor-version":[{"id":936,"href":"https:\/\/encaturizm.com\/01-seyahat\/wp-json\/wp\/v2\/pages\/22\/revisions\/936"}],"wp:attachment":[{"href":"https:\/\/encaturizm.com\/01-seyahat\/wp-json\/wp\/v2\/media?parent=22"}],"curies":[{"name":"wp","href":"https:\/\/api.w.org\/{rel}","templated":true}]}}