{"id":5,"date":"2022-08-21T22:34:50","date_gmt":"2022-08-21T19:34:50","guid":{"rendered":"http:\/\/encaturizm.com\/01-seyahat\/?page_id=5"},"modified":"2023-12-24T23:33:27","modified_gmt":"2023-12-24T20:33:27","slug":"hakkimizda","status":"publish","type":"page","link":"https:\/\/encaturizm.com\/01-seyahat\/hakkimizda\/","title":{"rendered":"Hakk\u0131m\u0131zda"},"content":{"rendered":"\t\t<div data-elementor-type=\"wp-page\" data-elementor-id=\"5\" class=\"elementor elementor-5\">\n\t\t\t\t\t\t\t\t\t<section class=\"elementor-section elementor-top-section elementor-element elementor-element-7897204 elementor-section-boxed elementor-section-height-default elementor-section-height-default elementor-invisible\" data-id=\"7897204\" data-element_type=\"section\" data-settings=\"{&quot;animation&quot;:&quot;pulse&quot;}\">\n\t\t\t\t\t\t<div class=\"elementor-container elementor-column-gap-default\">\n\t\t\t\t\t<div class=\"elementor-column elementor-col-100 elementor-top-column elementor-element elementor-element-905c3ad\" data-id=\"905c3ad\" data-element_type=\"column\">\n\t\t\t<div class=\"elementor-widget-wrap elementor-element-populated\">\n\t\t\t\t\t\t\t\t<div class=\"elementor-element elementor-element-58be682 elementor-widget elementor-widget-image\" data-id=\"58be682\" data-element_type=\"widget\" data-widget_type=\"image.default\">\n\t\t\t\t<div class=\"elementor-widget-container\">\n\t\t\t<style>\/*! elementor - v3.7.6 - 15-09-2022 *\/\n.elementor-widget-image{text-align:center}.elementor-widget-image a{display:inline-block}.elementor-widget-image a img[src$=\".svg\"]{width:48px}.elementor-widget-image img{vertical-align:middle;display:inline-block}<\/style>\t\t\t\t\t\t\t\t\t\t\t\t<img loading=\"lazy\" decoding=\"async\" width=\"666\" height=\"300\" src=\"https:\/\/encaturizm.com\/01-seyahat\/wp-content\/uploads\/2022\/08\/ORG_LOGO_hakkimizda-666x300.png\" class=\"attachment-bravada-featured-half size-bravada-featured-half\" alt=\"\" \/>\t\t\t\t\t\t\t\t\t\t\t\t\t\t\t<\/div>\n\t\t\t\t<\/div>\n\t\t\t\t\t<\/div>\n\t\t<\/div>\n\t\t\t\t\t\t\t<\/div>\n\t\t<\/section>\n\t\t\t\t<section class=\"elementor-section elementor-top-section elementor-element elementor-element-e6e27d1 elementor-section-boxed elementor-section-height-default elementor-section-height-default\" data-id=\"e6e27d1\" data-element_type=\"section\">\n\t\t\t\t\t\t<div class=\"elementor-container elementor-column-gap-default\">\n\t\t\t\t\t<div class=\"elementor-column elementor-col-100 elementor-top-column elementor-element elementor-element-d5b1244\" data-id=\"d5b1244\" data-element_type=\"column\">\n\t\t\t<div class=\"elementor-widget-wrap elementor-element-populated\">\n\t\t\t\t\t\t\t\t<div class=\"elementor-element elementor-element-896b09d elementor-widget elementor-widget-spacer\" data-id=\"896b09d\" data-element_type=\"widget\" data-widget_type=\"spacer.default\">\n\t\t\t\t<div class=\"elementor-widget-container\">\n\t\t\t<style>\/*! elementor - v3.7.6 - 15-09-2022 *\/\n.elementor-column .elementor-spacer-inner{height:var(--spacer-size)}.e-container{--container-widget-width:100%}.e-container>.elementor-widget-spacer{width:var(--container-widget-width,var(--spacer-size));-ms-flex-item-align:stretch;align-self:stretch;-ms-flex-negative:0;flex-shrink:0}.e-container>.elementor-widget-spacer>.elementor-widget-container,.e-container>.elementor-widget-spacer>.elementor-widget-container>.elementor-spacer{height:100%}.e-container>.elementor-widget-spacer>.elementor-widget-container>.elementor-spacer>.elementor-spacer-inner{height:var(--container-widget-height,var(--spacer-size))}<\/style>\t\t<div class=\"elementor-spacer\">\n\t\t\t<div class=\"elementor-spacer-inner\"><\/div>\n\t\t<\/div>\n\t\t\t\t<\/div>\n\t\t\t\t<\/div>\n\t\t\t\t\t<\/div>\n\t\t<\/div>\n\t\t\t\t\t\t\t<\/div>\n\t\t<\/section>\n\t\t\t\t<section class=\"elementor-section elementor-top-section elementor-element elementor-element-bd45b9f elementor-section-boxed elementor-section-height-default elementor-section-height-default elementor-invisible\" data-id=\"bd45b9f\" data-element_type=\"section\" data-settings=\"{&quot;animation&quot;:&quot;fadeIn&quot;}\">\n\t\t\t\t\t\t<div class=\"elementor-container elementor-column-gap-default\">\n\t\t\t\t\t<div class=\"elementor-column elementor-col-100 elementor-top-column elementor-element elementor-element-def57b4\" data-id=\"def57b4\" data-element_type=\"column\">\n\t\t\t<div class=\"elementor-widget-wrap elementor-element-populated\">\n\t\t\t\t\t\t\t\t<div class=\"elementor-element elementor-element-4ad662b elementor-widget elementor-widget-text-editor\" data-id=\"4ad662b\" data-element_type=\"widget\" data-widget_type=\"text-editor.default\">\n\t\t\t\t<div class=\"elementor-widget-container\">\n\t\t\t<style>\/*! elementor - v3.7.6 - 15-09-2022 *\/\n.elementor-widget-text-editor.elementor-drop-cap-view-stacked .elementor-drop-cap{background-color:#818a91;color:#fff}.elementor-widget-text-editor.elementor-drop-cap-view-framed .elementor-drop-cap{color:#818a91;border:3px solid;background-color:transparent}.elementor-widget-text-editor:not(.elementor-drop-cap-view-default) .elementor-drop-cap{margin-top:8px}.elementor-widget-text-editor:not(.elementor-drop-cap-view-default) .elementor-drop-cap-letter{width:1em;height:1em}.elementor-widget-text-editor .elementor-drop-cap{float:left;text-align:center;line-height:1;font-size:50px}.elementor-widget-text-editor .elementor-drop-cap-letter{display:inline-block}<\/style>\t\t\t\t<p><strong>Hakk\u0131m\u0131zda<\/strong><\/p>\n<p class=\"MsoNormal\">\u015eirketimiz 2018-2019 y\u0131l\u0131nda say\u0131n Engin Can taraf\u0131ndan\n\u00f6\u011frenci ve personel ta\u015f\u0131mac\u0131l\u0131\u011f\u0131 olarak Sakarya\u2019n\u0131n Adapazar\u0131 il\u00e7esinde\nkurulmu\u015ftur. K\u0131sa s\u00fcrede etkin personel kadromuz ile birlikte Sakarya\u2019n\u0131n bir\n\u00e7ok il\u00e7esinde ad\u0131n\u0131 duyurmu\u015f olup Aile \u015firketi haline gelmi\u015ftir. &nbsp;Vizyonumuzu geni\u015fletmek a\u00e7\u0131s\u0131ndan 2020 y\u0131l\u0131nda\nTurizm Bakanl\u0131\u011f\u0131ndan alm\u0131\u015f olu\u011fumuz T\u00dcRSAB belgesiyle \u0130stanbul Avrupa yakas\u0131nda\nilk \u015fubemizi a\u00e7m\u0131\u015f olup Turizm ta\u015f\u0131mac\u0131l\u0131\u011f\u0131 ad\u0131 alt\u0131nda faaliyet g\u00f6stermekteyiz.\nG\u00fcler y\u00fczl\u00fc, ho\u015fg\u00f6r\u00fcl\u00fc ve tecr\u00fcbeli personelimiz ile birlikte azim i\u00e7inde\nhizmet vermeye devam etmekteyiz.<o:p><\/o:p><\/p>\t\t\t\t\t\t<\/div>\n\t\t\t\t<\/div>\n\t\t\t\t\t<\/div>\n\t\t<\/div>\n\t\t\t\t\t\t\t<\/div>\n\t\t<\/section>\n\t\t\t\t<section class=\"elementor-section elementor-top-section elementor-element elementor-element-2e5eee6 elementor-section-boxed elementor-section-height-default elementor-section-height-default elementor-invisible\" data-id=\"2e5eee6\" data-element_type=\"section\" data-settings=\"{&quot;animation&quot;:&quot;fadeIn&quot;}\">\n\t\t\t\t\t\t<div class=\"elementor-container elementor-column-gap-default\">\n\t\t\t\t\t<div class=\"elementor-column elementor-col-100 elementor-top-column elementor-element elementor-element-beeb71e\" data-id=\"beeb71e\" data-element_type=\"column\">\n\t\t\t<div class=\"elementor-widget-wrap elementor-element-populated\">\n\t\t\t\t\t\t\t\t<div class=\"elementor-element elementor-element-17c9010 elementor-widget elementor-widget-text-editor\" data-id=\"17c9010\" data-element_type=\"widget\" data-widget_type=\"text-editor.default\">\n\t\t\t\t<div class=\"elementor-widget-container\">\n\t\t\t\t\t\t\t<p><strong>Misyonumuz<\/strong><\/p><p>\u00a0<span style=\"text-indent: 0em;\">\u2022<\/span><span style=\"text-indent: 0em;\">\u00a0<\/span><span style=\"text-indent: 0em;\">Kaliteli, g\u00fcvenli, konforlu, dezenfekte edilmi\u015f ara\u00e7lar ile yolculuk sunmak ve m\u00fc\u015fteri memnuniyeti ad\u0131na seyahat \u00e7\u00f6z\u00fcmleri konusunda yenilik\u00e7i ve aranan \u015firket alg\u0131s\u0131 olu\u015fturarak ilk tercihleri aras\u0131nda yer almakt\u0131r,<\/span><\/p><p><span style=\"text-indent: 0em;\">\u2022\u00a0 Hizmet kalitesini devaml\u0131 y\u00fckselterek misafirlerine daima en iyi hizmeti sunmak,<\/span><\/p><p>\u2022\u00a0Ticari ili\u015fkide bulundu\u011fumuz kurum ve kurulu\u015flarla uyum i\u00e7erisinde ileriye y\u00f6nelik ad\u0131mlar atmak,<\/p><p>\u2022\u00a0\u00dclke turizmine katk\u0131da bulunmak, sekt\u00f6rde tercih edilir h\u00e2le gelmek i\u00e7in g\u00fc\u00e7l\u00fc ve emin ad\u0131mlarla pay\u0131n\u0131 art\u0131rarak ilerlemektir.<\/p>\t\t\t\t\t\t<\/div>\n\t\t\t\t<\/div>\n\t\t\t\t\t<\/div>\n\t\t<\/div>\n\t\t\t\t\t\t\t<\/div>\n\t\t<\/section>\n\t\t\t\t<section class=\"elementor-section elementor-top-section elementor-element elementor-element-e66e8f0 elementor-section-boxed elementor-section-height-default elementor-section-height-default elementor-invisible\" data-id=\"e66e8f0\" data-element_type=\"section\" data-settings=\"{&quot;animation&quot;:&quot;fadeIn&quot;}\">\n\t\t\t\t\t\t<div class=\"elementor-container elementor-column-gap-default\">\n\t\t\t\t\t<div class=\"elementor-column elementor-col-100 elementor-top-column elementor-element elementor-element-555566f\" data-id=\"555566f\" data-element_type=\"column\">\n\t\t\t<div class=\"elementor-widget-wrap elementor-element-populated\">\n\t\t\t\t\t\t\t\t<div class=\"elementor-element elementor-element-db4f1ad elementor-widget elementor-widget-text-editor\" data-id=\"db4f1ad\" data-element_type=\"widget\" data-widget_type=\"text-editor.default\">\n\t\t\t\t<div class=\"elementor-widget-container\">\n\t\t\t\t\t\t\t<p><strong>Vizyonumuz<\/strong><\/p><p>\u00a0<span style=\"text-indent: 0em;\">Enca Turizm ve Seyahat ta\u015f\u0131mac\u0131l\u0131\u011f\u0131 ad\u0131na m\u00fc\u015fteri beklentilerini yak\u0131ndan izleyerek \u00f6nc\u00fc, yenilik\u00e7i , g\u00fcvenilir \u00fcst\u00fcn hizmet kalitesi ve anlay\u0131\u015f\u0131yla daima tercih edilen bir firma olmakt\u0131r.<\/span><\/p><p class=\"MsoNormal\">\u00a0<\/p>\t\t\t\t\t\t<\/div>\n\t\t\t\t<\/div>\n\t\t\t\t\t<\/div>\n\t\t<\/div>\n\t\t\t\t\t\t\t<\/div>\n\t\t<\/section>\n\t\t\t\t<section class=\"elementor-section elementor-top-section elementor-element elementor-element-2457ca0 elementor-section-boxed elementor-section-height-default elementor-section-height-default elementor-invisible\" data-id=\"2457ca0\" data-element_type=\"section\" data-settings=\"{&quot;animation&quot;:&quot;fadeIn&quot;}\">\n\t\t\t\t\t\t<div class=\"elementor-container elementor-column-gap-default\">\n\t\t\t\t\t<div class=\"elementor-column elementor-col-100 elementor-top-column elementor-element elementor-element-6f31756\" data-id=\"6f31756\" data-element_type=\"column\">\n\t\t\t<div class=\"elementor-widget-wrap elementor-element-populated\">\n\t\t\t\t\t\t\t\t<div class=\"elementor-element elementor-element-77f0147 elementor-widget elementor-widget-text-editor\" data-id=\"77f0147\" data-element_type=\"widget\" data-widget_type=\"text-editor.default\">\n\t\t\t\t<div class=\"elementor-widget-container\">\n\t\t\t\t\t\t\t<p><strong>Kalite Politikam\u0131z<\/strong><\/p><p><span style=\"font-family: Poppins, sans-serif; font-size: 20px; font-style: normal; font-variant-ligatures: normal; font-variant-caps: normal; font-weight: 400;\">\u2022\u00a0<\/span>Farkl\u0131 m\u00fc\u015fteri ihtiya\u00e7lar\u0131na kar\u015f\u0131 her zaman \u00e7\u00f6z\u00fcm odakl\u0131 olmak,<\/p><p>\u2022 G\u00fcvenilir bir firma olmak,<\/p><p>\u2022 Sekt\u00f6rdeki yeniliklere kar\u015f\u0131 takipte kal\u0131p, her zaman yeni olu\u015fumlara a\u00e7\u0131k olmak,<\/p><p>\u2022 Bireysel ve kurumsal anlamda daima geli\u015fim i\u00e7erisinde olmak,<\/p><p>\u2022 M\u00fc\u015fteri memnuniyetini daima \u00f6n planda tutmak,<\/p><p>\u2022 Ara\u015ft\u0131rmaya ve geli\u015ftirmeye b\u00fcy\u00fck \u00f6nem vermek,<\/p><p>\u2022 \u0130\u00e7inde bulundu\u011fumuz topluma sayg\u0131l\u0131 ve \u00f6rnek bir firma olmak,<\/p><p>\u2022 \u00c7al\u0131\u015fanlar\u0131n kendini geli\u015ftirmelerine, kendi i\u015f s\u00fcre\u00e7lerini iyile\u015ftirmelerine imkan sa\u011flamak,<\/p><p>\u2022 Y\u00f6netim ve \u00e7al\u0131\u015fanlar\u0131n yapt\u0131\u011f\u0131m\u0131z i\u015f ile ilgili d\u00fczenlemelerine uymak ve uyulmas\u0131n\u0131 sa\u011flamak,<\/p><p>\u00a0<\/p><p>\u2022 \u00c7al\u0131\u015fanlar\u0131m\u0131z\u0131n memnuniyeti ve kat\u0131l\u0131m\u0131 ile i\u015f s\u00fcre\u00e7lerimizin, \u00f6z de\u011ferlendirme ile g\u00f6zden ge\u00e7irilerek tak\u0131m ruhu i\u00e7erisinde hedeflerine ula\u015f\u0131lmas\u0131n\u0131 sa\u011flamakt\u0131r.<\/p><p>\u00a0<\/p>\t\t\t\t\t\t<\/div>\n\t\t\t\t<\/div>\n\t\t\t\t\t<\/div>\n\t\t<\/div>\n\t\t\t\t\t\t\t<\/div>\n\t\t<\/section>\n\t\t\t\t\t\t\t<\/div>\n\t\t","protected":false},"excerpt":{"rendered":"<p>Hakk\u0131m\u0131zda \u015eirketimiz 2018-2019 y\u0131l\u0131nda say\u0131n Engin Can taraf\u0131ndan \u00f6\u011frenci ve personel ta\u015f\u0131mac\u0131l\u0131\u011f\u0131 olarak Sakarya\u2019n\u0131n Adapazar\u0131 il\u00e7esinde kurulmu\u015ftur. K\u0131sa s\u00fcrede etkin personel kadromuz ile birlikte Sakarya\u2019n\u0131n &hellip;<\/p>\n","protected":false},"author":1,"featured_media":0,"parent":0,"menu_order":0,"comment_status":"closed","ping_status":"closed","template":"","meta":{"footnotes":""},"class_list":["post-5","page","type-page","status-publish","hentry"],"_links":{"self":[{"href":"https:\/\/encaturizm.com\/01-seyahat\/wp-json\/wp\/v2\/pages\/5","targetHints":{"allow":["GET"]}}],"collection":[{"href":"https:\/\/encaturizm.com\/01-seyahat\/wp-json\/wp\/v2\/pages"}],"about":[{"href":"https:\/\/encaturizm.com\/01-seyahat\/wp-json\/wp\/v2\/types\/page"}],"author":[{"embeddable":true,"href":"https:\/\/encaturizm.com\/01-seyahat\/wp-json\/wp\/v2\/users\/1"}],"replies":[{"embeddable":true,"href":"https:\/\/encaturizm.com\/01-seyahat\/wp-json\/wp\/v2\/comments?post=5"}],"version-history":[{"count":25,"href":"https:\/\/encaturizm.com\/01-seyahat\/wp-json\/wp\/v2\/pages\/5\/revisions"}],"predecessor-version":[{"id":1079,"href":"https:\/\/encaturizm.com\/01-seyahat\/wp-json\/wp\/v2\/pages\/5\/revisions\/1079"}],"wp:attachment":[{"href":"https:\/\/encaturizm.com\/01-seyahat\/wp-json\/wp\/v2\/media?parent=5"}],"curies":[{"name":"wp","href":"https:\/\/api.w.org\/{rel}","templated":true}]}}