{"id":8,"date":"2022-08-21T22:35:12","date_gmt":"2022-08-21T19:35:12","guid":{"rendered":"http:\/\/encaturizm.com\/01-seyahat\/?page_id=8"},"modified":"2022-08-30T21:33:18","modified_gmt":"2022-08-30T18:33:18","slug":"turvegezi","status":"publish","type":"page","link":"https:\/\/encaturizm.com\/01-seyahat\/turvegezi\/","title":{"rendered":"Tur ve Gezi Ta\u015f\u0131mac\u0131l\u0131\u011f\u0131"},"content":{"rendered":"\t\t<div data-elementor-type=\"wp-page\" data-elementor-id=\"8\" class=\"elementor elementor-8\">\n\t\t\t\t\t\t\t\t\t<section class=\"elementor-section elementor-top-section elementor-element elementor-element-c61da3e elementor-section-boxed elementor-section-height-default elementor-section-height-default\" data-id=\"c61da3e\" data-element_type=\"section\" data-settings=\"{&quot;animation&quot;:&quot;none&quot;}\">\n\t\t\t\t\t\t<div class=\"elementor-container elementor-column-gap-default\">\n\t\t\t\t\t<div class=\"elementor-column elementor-col-50 elementor-top-column elementor-element elementor-element-0c09494 elementor-invisible\" data-id=\"0c09494\" data-element_type=\"column\" data-settings=\"{&quot;animation&quot;:&quot;fadeInLeft&quot;}\">\n\t\t\t<div class=\"elementor-widget-wrap elementor-element-populated\">\n\t\t\t\t\t\t\t\t<div class=\"elementor-element elementor-element-ce93184 elementor-widget elementor-widget-image\" data-id=\"ce93184\" data-element_type=\"widget\" data-widget_type=\"image.default\">\n\t\t\t\t<div class=\"elementor-widget-container\">\n\t\t\t<style>\/*! elementor - v3.7.6 - 15-09-2022 *\/\n.elementor-widget-image{text-align:center}.elementor-widget-image a{display:inline-block}.elementor-widget-image a img[src$=\".svg\"]{width:48px}.elementor-widget-image img{vertical-align:middle;display:inline-block}<\/style>\t\t\t\t\t\t\t\t\t\t\t\t<img loading=\"lazy\" decoding=\"async\" width=\"640\" height=\"426\" src=\"https:\/\/encaturizm.com\/01-seyahat\/wp-content\/uploads\/2022\/08\/Seyahat_gezicilik.jpg\" class=\"attachment-large size-large\" alt=\"\" srcset=\"https:\/\/encaturizm.com\/01-seyahat\/wp-content\/uploads\/2022\/08\/Seyahat_gezicilik.jpg 640w, https:\/\/encaturizm.com\/01-seyahat\/wp-content\/uploads\/2022\/08\/Seyahat_gezicilik-300x200.jpg 300w\" sizes=\"auto, (max-width: 640px) 100vw, 640px\" \/>\t\t\t\t\t\t\t\t\t\t\t\t\t\t\t<\/div>\n\t\t\t\t<\/div>\n\t\t\t\t\t<\/div>\n\t\t<\/div>\n\t\t\t\t<div class=\"elementor-column elementor-col-50 elementor-top-column elementor-element elementor-element-2907446 elementor-invisible\" data-id=\"2907446\" data-element_type=\"column\" data-settings=\"{&quot;animation&quot;:&quot;fadeInRight&quot;}\">\n\t\t\t<div class=\"elementor-widget-wrap elementor-element-populated\">\n\t\t\t\t\t\t\t\t<div class=\"elementor-element elementor-element-78480f8 elementor-widget elementor-widget-text-editor\" data-id=\"78480f8\" data-element_type=\"widget\" data-widget_type=\"text-editor.default\">\n\t\t\t\t<div class=\"elementor-widget-container\">\n\t\t\t<style>\/*! elementor - v3.7.6 - 15-09-2022 *\/\n.elementor-widget-text-editor.elementor-drop-cap-view-stacked .elementor-drop-cap{background-color:#818a91;color:#fff}.elementor-widget-text-editor.elementor-drop-cap-view-framed .elementor-drop-cap{color:#818a91;border:3px solid;background-color:transparent}.elementor-widget-text-editor:not(.elementor-drop-cap-view-default) .elementor-drop-cap{margin-top:8px}.elementor-widget-text-editor:not(.elementor-drop-cap-view-default) .elementor-drop-cap-letter{width:1em;height:1em}.elementor-widget-text-editor .elementor-drop-cap{float:left;text-align:center;line-height:1;font-size:50px}.elementor-widget-text-editor .elementor-drop-cap-letter{display:inline-block}<\/style>\t\t\t\t<p>Her t\u00fcrl\u00fc tur ta\u015f\u0131mac\u0131l\u0131\u011f\u0131 i\u00e7in ara\u00e7lar\u0131m\u0131zla siz de\u011ferli i\u015f ortaklar\u0131m\u0131z\u0131n hizmetindeyiz.<\/p>\n<p>\u00dclkemizin birbirinden g\u00fczel ve tarih kokan mekanlar\u0131na d\u00fczenleyece\u011finiz veya d\u00fczenledi\u011fimiz gezilerimizde son model ara\u00e7lar\u0131m\u0131z ile konforlu yolculuklara \u00e7\u0131k\u0131yoruz.<\/p>\n<p class=\"MsoNormal\">\u015eehir i\u00e7i ve d\u0131\u015f\u0131nda d\u00fczenlenen; toplant\u0131, konferans,<br>\nkongre, seminer, davet ve \u00f6zel organizasyonlarda ara\u00e7lar\u0131m\u0131z hizmetinizde.<o:p><\/o:p><\/p>\t\t\t\t\t\t<\/div>\n\t\t\t\t<\/div>\n\t\t\t\t\t<\/div>\n\t\t<\/div>\n\t\t\t\t\t\t\t<\/div>\n\t\t<\/section>\n\t\t\t\t\t\t\t<\/div>\n\t\t","protected":false},"excerpt":{"rendered":"<p>Her t\u00fcrl\u00fc tur ta\u015f\u0131mac\u0131l\u0131\u011f\u0131 i\u00e7in ara\u00e7lar\u0131m\u0131zla siz de\u011ferli i\u015f ortaklar\u0131m\u0131z\u0131n hizmetindeyiz. \u00dclkemizin birbirinden g\u00fczel ve tarih kokan mekanlar\u0131na d\u00fczenleyece\u011finiz veya d\u00fczenledi\u011fimiz gezilerimizde son model ara\u00e7lar\u0131m\u0131z &hellip;<\/p>\n","protected":false},"author":1,"featured_media":0,"parent":0,"menu_order":0,"comment_status":"closed","ping_status":"closed","template":"","meta":{"footnotes":""},"class_list":["post-8","page","type-page","status-publish","hentry"],"_links":{"self":[{"href":"https:\/\/encaturizm.com\/01-seyahat\/wp-json\/wp\/v2\/pages\/8","targetHints":{"allow":["GET"]}}],"collection":[{"href":"https:\/\/encaturizm.com\/01-seyahat\/wp-json\/wp\/v2\/pages"}],"about":[{"href":"https:\/\/encaturizm.com\/01-seyahat\/wp-json\/wp\/v2\/types\/page"}],"author":[{"embeddable":true,"href":"https:\/\/encaturizm.com\/01-seyahat\/wp-json\/wp\/v2\/users\/1"}],"replies":[{"embeddable":true,"href":"https:\/\/encaturizm.com\/01-seyahat\/wp-json\/wp\/v2\/comments?post=8"}],"version-history":[{"count":11,"href":"https:\/\/encaturizm.com\/01-seyahat\/wp-json\/wp\/v2\/pages\/8\/revisions"}],"predecessor-version":[{"id":963,"href":"https:\/\/encaturizm.com\/01-seyahat\/wp-json\/wp\/v2\/pages\/8\/revisions\/963"}],"wp:attachment":[{"href":"https:\/\/encaturizm.com\/01-seyahat\/wp-json\/wp\/v2\/media?parent=8"}],"curies":[{"name":"wp","href":"https:\/\/api.w.org\/{rel}","templated":true}]}}