{"id":26,"date":"2022-08-29T12:54:35","date_gmt":"2022-08-29T09:54:35","guid":{"rendered":"https:\/\/encaturizm.com\/02-arac-kiralama\/?page_id=26"},"modified":"2023-12-26T20:34:43","modified_gmt":"2023-12-26T17:34:43","slug":"araclarimiz","status":"publish","type":"page","link":"https:\/\/encaturizm.com\/02-arac-kiralama\/araclarimiz\/","title":{"rendered":"Ara\u00e7lar\u0131m\u0131z"},"content":{"rendered":"\t\t<div data-elementor-type=\"wp-page\" data-elementor-id=\"26\" class=\"elementor elementor-26\">\n\t\t\t\t\t\t\t\t\t<section class=\"elementor-section elementor-top-section elementor-element elementor-element-71a5d3f elementor-section-boxed elementor-section-height-default elementor-section-height-default\" data-id=\"71a5d3f\" data-element_type=\"section\">\n\t\t\t\t\t\t<div class=\"elementor-container elementor-column-gap-default\">\n\t\t\t\t\t<div class=\"elementor-column elementor-col-100 elementor-top-column elementor-element elementor-element-ae67b30\" data-id=\"ae67b30\" data-element_type=\"column\">\n\t\t\t<div class=\"elementor-widget-wrap elementor-element-populated\">\n\t\t\t\t\t\t\t\t<div class=\"elementor-element elementor-element-f7ee425 elementor-widget elementor-widget-heading\" data-id=\"f7ee425\" data-element_type=\"widget\" data-widget_type=\"heading.default\">\n\t\t\t\t<div class=\"elementor-widget-container\">\n\t\t\t<style>\/*! elementor - v3.7.3 - 29-08-2022 *\/\n.elementor-heading-title{padding:0;margin:0;line-height:1}.elementor-widget-heading .elementor-heading-title[class*=elementor-size-]>a{color:inherit;font-size:inherit;line-height:inherit}.elementor-widget-heading .elementor-heading-title.elementor-size-small{font-size:15px}.elementor-widget-heading .elementor-heading-title.elementor-size-medium{font-size:19px}.elementor-widget-heading .elementor-heading-title.elementor-size-large{font-size:29px}.elementor-widget-heading .elementor-heading-title.elementor-size-xl{font-size:39px}.elementor-widget-heading .elementor-heading-title.elementor-size-xxl{font-size:59px}<\/style><h1 class=\"elementor-heading-title elementor-size-small\">Her Ge\u00e7en G\u00fcn Geni\u015fleyen Filomuzla Sizi D\u00fcnyan\u0131n D\u00f6rt Bir K\u00f6\u015fesiyle Bulu\u015fturuyoruz.<\/h1>\t\t<\/div>\n\t\t\t\t<\/div>\n\t\t\t\t\t<\/div>\n\t\t<\/div>\n\t\t\t\t\t\t\t<\/div>\n\t\t<\/section>\n\t\t\t\t<section class=\"elementor-section elementor-top-section elementor-element elementor-element-2acc1ea elementor-section-boxed elementor-section-height-default elementor-section-height-default\" data-id=\"2acc1ea\" data-element_type=\"section\">\n\t\t\t\t\t\t<div class=\"elementor-container elementor-column-gap-default\">\n\t\t\t\t\t<div class=\"elementor-column elementor-col-100 elementor-top-column elementor-element elementor-element-f85c896\" data-id=\"f85c896\" data-element_type=\"column\">\n\t\t\t<div class=\"elementor-widget-wrap elementor-element-populated\">\n\t\t\t\t\t\t\t\t<div class=\"elementor-element elementor-element-8834d8b elementor-widget elementor-widget-heading\" data-id=\"8834d8b\" data-element_type=\"widget\" data-widget_type=\"heading.default\">\n\t\t\t\t<div class=\"elementor-widget-container\">\n\t\t\t<h1 class=\"elementor-heading-title elementor-size-small\">Ara\u00e7lar\u0131m\u0131z<\/h1>\t\t<\/div>\n\t\t\t\t<\/div>\n\t\t\t\t\t<\/div>\n\t\t<\/div>\n\t\t\t\t\t\t\t<\/div>\n\t\t<\/section>\n\t\t\t\t<section class=\"elementor-section elementor-top-section elementor-element elementor-element-5e19647 elementor-section-boxed elementor-section-height-default elementor-section-height-default elementor-invisible\" data-id=\"5e19647\" data-element_type=\"section\" data-settings=\"{&quot;animation&quot;:&quot;zoomIn&quot;}\">\n\t\t\t\t\t\t<div class=\"elementor-container elementor-column-gap-default\">\n\t\t\t\t\t<div class=\"elementor-column elementor-col-100 elementor-top-column elementor-element elementor-element-2a8483c\" data-id=\"2a8483c\" data-element_type=\"column\">\n\t\t\t<div class=\"elementor-widget-wrap elementor-element-populated\">\n\t\t\t\t\t\t\t\t<div class=\"elementor-element elementor-element-3694ec8 elementor-arrows-position-inside elementor-widget elementor-widget-image-carousel\" data-id=\"3694ec8\" data-element_type=\"widget\" data-settings=\"{&quot;slides_to_show&quot;:&quot;3&quot;,&quot;navigation&quot;:&quot;arrows&quot;,&quot;autoplay&quot;:&quot;no&quot;,&quot;infinite&quot;:&quot;no&quot;,&quot;speed&quot;:500}\" data-widget_type=\"image-carousel.default\">\n\t\t\t\t<div class=\"elementor-widget-container\">\n\t\t\t<style>\/*! elementor - v3.7.3 - 29-08-2022 *\/\n.elementor-widget-image-carousel .swiper-container{position:static}.elementor-widget-image-carousel .swiper-container .swiper-slide figure{line-height:inherit}.elementor-widget-image-carousel .swiper-slide{text-align:center}.elementor-image-carousel-wrapper:not(.swiper-container-initialized) .swiper-slide{max-width:calc(100% \/ var(--e-image-carousel-slides-to-show, 3))}<\/style>\t\t<div class=\"elementor-image-carousel-wrapper swiper-container\" dir=\"rtl\">\n\t\t\t<div class=\"elementor-image-carousel swiper-wrapper swiper-image-stretch\">\n\t\t\t\t\t\t\t\t<div class=\"swiper-slide\"><a data-elementor-open-lightbox=\"yes\" data-elementor-lightbox-slideshow=\"3694ec8\" data-elementor-lightbox-title=\"Vib-Gorsel01\" e-action-hash=\"#elementor-action%3Aaction%3Dlightbox%26settings%3DeyJpZCI6MTEzOSwidXJsIjoiaHR0cHM6XC9cL2VuY2F0dXJpem0uY29tXC8wMi1hcmFjLWtpcmFsYW1hXC93cC1jb250ZW50XC91cGxvYWRzXC8yMDIzXC8xMlwvVmliLUdvcnNlbDAxLmpwZyIsInNsaWRlc2hvdyI6IjM2OTRlYzgifQ%3D%3D\" href=\"https:\/\/encaturizm.com\/02-arac-kiralama\/wp-content\/uploads\/2023\/12\/Vib-Gorsel01.jpg\"><figure class=\"swiper-slide-inner\"><img decoding=\"async\" class=\"swiper-slide-image\" src=\"https:\/\/encaturizm.com\/02-arac-kiralama\/wp-content\/uploads\/2023\/12\/Vib-Gorsel01.jpg\" alt=\"Vib-Gorsel01\" \/><\/figure><\/a><\/div><div class=\"swiper-slide\"><a data-elementor-open-lightbox=\"yes\" data-elementor-lightbox-slideshow=\"3694ec8\" data-elementor-lightbox-title=\"Vib-Gorsel06\" e-action-hash=\"#elementor-action%3Aaction%3Dlightbox%26settings%3DeyJpZCI6MTE0MSwidXJsIjoiaHR0cHM6XC9cL2VuY2F0dXJpem0uY29tXC8wMi1hcmFjLWtpcmFsYW1hXC93cC1jb250ZW50XC91cGxvYWRzXC8yMDIzXC8xMlwvVmliLUdvcnNlbDA2LmpwZyIsInNsaWRlc2hvdyI6IjM2OTRlYzgifQ%3D%3D\" href=\"https:\/\/encaturizm.com\/02-arac-kiralama\/wp-content\/uploads\/2023\/12\/Vib-Gorsel06.jpg\"><figure class=\"swiper-slide-inner\"><img decoding=\"async\" class=\"swiper-slide-image\" src=\"https:\/\/encaturizm.com\/02-arac-kiralama\/wp-content\/uploads\/2023\/12\/Vib-Gorsel06.jpg\" alt=\"Vib-Gorsel06\" \/><\/figure><\/a><\/div><div class=\"swiper-slide\"><a data-elementor-open-lightbox=\"yes\" data-elementor-lightbox-slideshow=\"3694ec8\" data-elementor-lightbox-title=\"Vib-Gorsel02\" e-action-hash=\"#elementor-action%3Aaction%3Dlightbox%26settings%3DeyJpZCI6MTE0MCwidXJsIjoiaHR0cHM6XC9cL2VuY2F0dXJpem0uY29tXC8wMi1hcmFjLWtpcmFsYW1hXC93cC1jb250ZW50XC91cGxvYWRzXC8yMDIzXC8xMlwvVmliLUdvcnNlbDAyLmpwZyIsInNsaWRlc2hvdyI6IjM2OTRlYzgifQ%3D%3D\" href=\"https:\/\/encaturizm.com\/02-arac-kiralama\/wp-content\/uploads\/2023\/12\/Vib-Gorsel02.jpg\"><figure class=\"swiper-slide-inner\"><img decoding=\"async\" class=\"swiper-slide-image\" src=\"https:\/\/encaturizm.com\/02-arac-kiralama\/wp-content\/uploads\/2023\/12\/Vib-Gorsel02.jpg\" alt=\"Vib-Gorsel02\" \/><\/figure><\/a><\/div>\t\t\t<\/div>\n\t\t\t\t\t\t\t\t\t\t\t\t\t\t\t\t<div class=\"elementor-swiper-button elementor-swiper-button-prev\">\n\t\t\t\t\t\t<i aria-hidden=\"true\" class=\"fas fa-chevron-circle-left\"><\/i>\t\t\t\t\t\t<span class=\"elementor-screen-only\">\u00d6nceki<\/span>\n\t\t\t\t\t<\/div>\n\t\t\t\t\t<div class=\"elementor-swiper-button elementor-swiper-button-next\">\n\t\t\t\t\t\t<i aria-hidden=\"true\" class=\"fas fa-chevron-circle-right\"><\/i>\t\t\t\t\t\t<span class=\"elementor-screen-only\">Sonraki<\/span>\n\t\t\t\t\t<\/div>\n\t\t\t\t\t\t\t\t\t<\/div>\n\t\t\t\t<\/div>\n\t\t\t\t<\/div>\n\t\t\t\t\t<\/div>\n\t\t<\/div>\n\t\t\t\t\t\t\t<\/div>\n\t\t<\/section>\n\t\t\t\t<section class=\"elementor-section elementor-top-section elementor-element elementor-element-db7e3f3 elementor-section-boxed elementor-section-height-default elementor-section-height-default elementor-invisible\" data-id=\"db7e3f3\" data-element_type=\"section\" data-settings=\"{&quot;animation&quot;:&quot;zoomIn&quot;}\">\n\t\t\t\t\t\t<div class=\"elementor-container elementor-column-gap-default\">\n\t\t\t\t\t<div class=\"elementor-column elementor-col-100 elementor-top-column elementor-element elementor-element-15470a9\" data-id=\"15470a9\" data-element_type=\"column\">\n\t\t\t<div class=\"elementor-widget-wrap elementor-element-populated\">\n\t\t\t\t\t\t\t\t<div class=\"elementor-element elementor-element-392d87e elementor-arrows-position-inside elementor-widget elementor-widget-image-carousel\" data-id=\"392d87e\" data-element_type=\"widget\" data-settings=\"{&quot;slides_to_show&quot;:&quot;3&quot;,&quot;navigation&quot;:&quot;arrows&quot;,&quot;autoplay&quot;:&quot;no&quot;,&quot;infinite&quot;:&quot;no&quot;,&quot;speed&quot;:500}\" data-widget_type=\"image-carousel.default\">\n\t\t\t\t<div class=\"elementor-widget-container\">\n\t\t\t\t\t<div class=\"elementor-image-carousel-wrapper swiper-container\" dir=\"rtl\">\n\t\t\t<div class=\"elementor-image-carousel swiper-wrapper swiper-image-stretch\">\n\t\t\t\t\t\t\t\t<div class=\"swiper-slide\"><a data-elementor-open-lightbox=\"yes\" data-elementor-lightbox-slideshow=\"392d87e\" data-elementor-lightbox-title=\"Vib-Gorsel10\" e-action-hash=\"#elementor-action%3Aaction%3Dlightbox%26settings%3DeyJpZCI6MTIyNCwidXJsIjoiaHR0cHM6XC9cL2VuY2F0dXJpem0uY29tXC8wMi1hcmFjLWtpcmFsYW1hXC93cC1jb250ZW50XC91cGxvYWRzXC8yMDIzXC8xMlwvVmliLUdvcnNlbDEwLmpwZyIsInNsaWRlc2hvdyI6IjM5MmQ4N2UifQ%3D%3D\" href=\"https:\/\/encaturizm.com\/02-arac-kiralama\/wp-content\/uploads\/2023\/12\/Vib-Gorsel10.jpg\"><figure class=\"swiper-slide-inner\"><img decoding=\"async\" class=\"swiper-slide-image\" src=\"https:\/\/encaturizm.com\/02-arac-kiralama\/wp-content\/uploads\/2023\/12\/Vib-Gorsel10.jpg\" alt=\"Vib-Gorsel10\" \/><\/figure><\/a><\/div><div class=\"swiper-slide\"><a data-elementor-open-lightbox=\"yes\" data-elementor-lightbox-slideshow=\"392d87e\" data-elementor-lightbox-title=\"Vib-Gorsel11\" e-action-hash=\"#elementor-action%3Aaction%3Dlightbox%26settings%3DeyJpZCI6MTIyNSwidXJsIjoiaHR0cHM6XC9cL2VuY2F0dXJpem0uY29tXC8wMi1hcmFjLWtpcmFsYW1hXC93cC1jb250ZW50XC91cGxvYWRzXC8yMDIzXC8xMlwvVmliLUdvcnNlbDExLmpwZyIsInNsaWRlc2hvdyI6IjM5MmQ4N2UifQ%3D%3D\" href=\"https:\/\/encaturizm.com\/02-arac-kiralama\/wp-content\/uploads\/2023\/12\/Vib-Gorsel11.jpg\"><figure class=\"swiper-slide-inner\"><img decoding=\"async\" class=\"swiper-slide-image\" src=\"https:\/\/encaturizm.com\/02-arac-kiralama\/wp-content\/uploads\/2023\/12\/Vib-Gorsel11.jpg\" alt=\"Vib-Gorsel11\" \/><\/figure><\/a><\/div><div class=\"swiper-slide\"><a data-elementor-open-lightbox=\"yes\" data-elementor-lightbox-slideshow=\"392d87e\" data-elementor-lightbox-title=\"Vib-Gorsel12\" e-action-hash=\"#elementor-action%3Aaction%3Dlightbox%26settings%3DeyJpZCI6MTIyNiwidXJsIjoiaHR0cHM6XC9cL2VuY2F0dXJpem0uY29tXC8wMi1hcmFjLWtpcmFsYW1hXC93cC1jb250ZW50XC91cGxvYWRzXC8yMDIzXC8xMlwvVmliLUdvcnNlbDEyLmpwZyIsInNsaWRlc2hvdyI6IjM5MmQ4N2UifQ%3D%3D\" href=\"https:\/\/encaturizm.com\/02-arac-kiralama\/wp-content\/uploads\/2023\/12\/Vib-Gorsel12.jpg\"><figure class=\"swiper-slide-inner\"><img decoding=\"async\" class=\"swiper-slide-image\" src=\"https:\/\/encaturizm.com\/02-arac-kiralama\/wp-content\/uploads\/2023\/12\/Vib-Gorsel12.jpg\" alt=\"Vib-Gorsel12\" \/><\/figure><\/a><\/div>\t\t\t<\/div>\n\t\t\t\t\t\t\t\t\t\t\t\t\t\t\t\t<div class=\"elementor-swiper-button elementor-swiper-button-prev\">\n\t\t\t\t\t\t<i aria-hidden=\"true\" class=\"fas fa-chevron-circle-left\"><\/i>\t\t\t\t\t\t<span class=\"elementor-screen-only\">\u00d6nceki<\/span>\n\t\t\t\t\t<\/div>\n\t\t\t\t\t<div class=\"elementor-swiper-button elementor-swiper-button-next\">\n\t\t\t\t\t\t<i aria-hidden=\"true\" class=\"fas fa-chevron-circle-right\"><\/i>\t\t\t\t\t\t<span class=\"elementor-screen-only\">Sonraki<\/span>\n\t\t\t\t\t<\/div>\n\t\t\t\t\t\t\t\t\t<\/div>\n\t\t\t\t<\/div>\n\t\t\t\t<\/div>\n\t\t\t\t\t<\/div>\n\t\t<\/div>\n\t\t\t\t\t\t\t<\/div>\n\t\t<\/section>\n\t\t\t\t<section class=\"elementor-section elementor-top-section elementor-element elementor-element-6961f39 elementor-section-boxed elementor-section-height-default elementor-section-height-default elementor-invisible\" data-id=\"6961f39\" data-element_type=\"section\" data-settings=\"{&quot;animation&quot;:&quot;zoomIn&quot;}\">\n\t\t\t\t\t\t<div class=\"elementor-container elementor-column-gap-default\">\n\t\t\t\t\t<div class=\"elementor-column elementor-col-100 elementor-top-column elementor-element elementor-element-f9e1e74\" data-id=\"f9e1e74\" data-element_type=\"column\">\n\t\t\t<div class=\"elementor-widget-wrap elementor-element-populated\">\n\t\t\t\t\t\t\t\t<div class=\"elementor-element elementor-element-11cd9b0 elementor-arrows-position-inside elementor-widget elementor-widget-image-carousel\" data-id=\"11cd9b0\" data-element_type=\"widget\" data-settings=\"{&quot;slides_to_show&quot;:&quot;3&quot;,&quot;navigation&quot;:&quot;arrows&quot;,&quot;autoplay&quot;:&quot;no&quot;,&quot;infinite&quot;:&quot;no&quot;,&quot;speed&quot;:500}\" data-widget_type=\"image-carousel.default\">\n\t\t\t\t<div class=\"elementor-widget-container\">\n\t\t\t\t\t<div class=\"elementor-image-carousel-wrapper swiper-container\" dir=\"rtl\">\n\t\t\t<div class=\"elementor-image-carousel swiper-wrapper swiper-image-stretch\">\n\t\t\t\t\t\t\t\t<div class=\"swiper-slide\"><a data-elementor-open-lightbox=\"yes\" data-elementor-lightbox-slideshow=\"11cd9b0\" data-elementor-lightbox-title=\"Vib-Gorsel03\" e-action-hash=\"#elementor-action%3Aaction%3Dlightbox%26settings%3DeyJpZCI6MTE1NCwidXJsIjoiaHR0cHM6XC9cL2VuY2F0dXJpem0uY29tXC8wMi1hcmFjLWtpcmFsYW1hXC93cC1jb250ZW50XC91cGxvYWRzXC8yMDIzXC8xMlwvVmliLUdvcnNlbDAzLmpwZyIsInNsaWRlc2hvdyI6IjExY2Q5YjAifQ%3D%3D\" href=\"https:\/\/encaturizm.com\/02-arac-kiralama\/wp-content\/uploads\/2023\/12\/Vib-Gorsel03.jpg\"><figure class=\"swiper-slide-inner\"><img decoding=\"async\" class=\"swiper-slide-image\" src=\"https:\/\/encaturizm.com\/02-arac-kiralama\/wp-content\/uploads\/2023\/12\/Vib-Gorsel03.jpg\" alt=\"Vib-Gorsel03\" \/><\/figure><\/a><\/div><div class=\"swiper-slide\"><a data-elementor-open-lightbox=\"yes\" data-elementor-lightbox-slideshow=\"11cd9b0\" data-elementor-lightbox-title=\"Vib-Gorsel04\" e-action-hash=\"#elementor-action%3Aaction%3Dlightbox%26settings%3DeyJpZCI6MTE1NSwidXJsIjoiaHR0cHM6XC9cL2VuY2F0dXJpem0uY29tXC8wMi1hcmFjLWtpcmFsYW1hXC93cC1jb250ZW50XC91cGxvYWRzXC8yMDIzXC8xMlwvVmliLUdvcnNlbDA0LmpwZyIsInNsaWRlc2hvdyI6IjExY2Q5YjAifQ%3D%3D\" href=\"https:\/\/encaturizm.com\/02-arac-kiralama\/wp-content\/uploads\/2023\/12\/Vib-Gorsel04.jpg\"><figure class=\"swiper-slide-inner\"><img decoding=\"async\" class=\"swiper-slide-image\" src=\"https:\/\/encaturizm.com\/02-arac-kiralama\/wp-content\/uploads\/2023\/12\/Vib-Gorsel04.jpg\" alt=\"Vib-Gorsel04\" \/><\/figure><\/a><\/div><div class=\"swiper-slide\"><a data-elementor-open-lightbox=\"yes\" data-elementor-lightbox-slideshow=\"11cd9b0\" data-elementor-lightbox-title=\"Vib-Gorsel05\" e-action-hash=\"#elementor-action%3Aaction%3Dlightbox%26settings%3DeyJpZCI6MTE1NiwidXJsIjoiaHR0cHM6XC9cL2VuY2F0dXJpem0uY29tXC8wMi1hcmFjLWtpcmFsYW1hXC93cC1jb250ZW50XC91cGxvYWRzXC8yMDIzXC8xMlwvVmliLUdvcnNlbDA1LmpwZyIsInNsaWRlc2hvdyI6IjExY2Q5YjAifQ%3D%3D\" href=\"https:\/\/encaturizm.com\/02-arac-kiralama\/wp-content\/uploads\/2023\/12\/Vib-Gorsel05.jpg\"><figure class=\"swiper-slide-inner\"><img decoding=\"async\" class=\"swiper-slide-image\" src=\"https:\/\/encaturizm.com\/02-arac-kiralama\/wp-content\/uploads\/2023\/12\/Vib-Gorsel05.jpg\" alt=\"Vib-Gorsel05\" \/><\/figure><\/a><\/div>\t\t\t<\/div>\n\t\t\t\t\t\t\t\t\t\t\t\t\t\t\t\t<div class=\"elementor-swiper-button elementor-swiper-button-prev\">\n\t\t\t\t\t\t<i aria-hidden=\"true\" class=\"fas fa-chevron-circle-left\"><\/i>\t\t\t\t\t\t<span class=\"elementor-screen-only\">\u00d6nceki<\/span>\n\t\t\t\t\t<\/div>\n\t\t\t\t\t<div class=\"elementor-swiper-button elementor-swiper-button-next\">\n\t\t\t\t\t\t<i aria-hidden=\"true\" class=\"fas fa-chevron-circle-right\"><\/i>\t\t\t\t\t\t<span class=\"elementor-screen-only\">Sonraki<\/span>\n\t\t\t\t\t<\/div>\n\t\t\t\t\t\t\t\t\t<\/div>\n\t\t\t\t<\/div>\n\t\t\t\t<\/div>\n\t\t\t\t\t<\/div>\n\t\t<\/div>\n\t\t\t\t\t\t\t<\/div>\n\t\t<\/section>\n\t\t\t\t<section class=\"elementor-section elementor-top-section elementor-element elementor-element-0bcdd14 elementor-section-boxed elementor-section-height-default elementor-section-height-default elementor-invisible\" data-id=\"0bcdd14\" data-element_type=\"section\" data-settings=\"{&quot;animation&quot;:&quot;zoomIn&quot;}\">\n\t\t\t\t\t\t<div class=\"elementor-container elementor-column-gap-default\">\n\t\t\t\t\t<div class=\"elementor-column elementor-col-100 elementor-top-column elementor-element elementor-element-f1301fa\" data-id=\"f1301fa\" data-element_type=\"column\">\n\t\t\t<div class=\"elementor-widget-wrap elementor-element-populated\">\n\t\t\t\t\t\t\t\t<div class=\"elementor-element elementor-element-0876a9e elementor-arrows-position-inside elementor-widget elementor-widget-image-carousel\" data-id=\"0876a9e\" data-element_type=\"widget\" data-settings=\"{&quot;slides_to_show&quot;:&quot;3&quot;,&quot;navigation&quot;:&quot;arrows&quot;,&quot;autoplay&quot;:&quot;no&quot;,&quot;infinite&quot;:&quot;no&quot;,&quot;speed&quot;:500}\" data-widget_type=\"image-carousel.default\">\n\t\t\t\t<div class=\"elementor-widget-container\">\n\t\t\t\t\t<div class=\"elementor-image-carousel-wrapper swiper-container\" dir=\"rtl\">\n\t\t\t<div class=\"elementor-image-carousel swiper-wrapper swiper-image-stretch\">\n\t\t\t\t\t\t\t\t<div class=\"swiper-slide\"><a data-elementor-open-lightbox=\"yes\" data-elementor-lightbox-slideshow=\"0876a9e\" data-elementor-lightbox-title=\"Vib-Gorsel09\" e-action-hash=\"#elementor-action%3Aaction%3Dlightbox%26settings%3DeyJpZCI6MTE2MCwidXJsIjoiaHR0cHM6XC9cL2VuY2F0dXJpem0uY29tXC8wMi1hcmFjLWtpcmFsYW1hXC93cC1jb250ZW50XC91cGxvYWRzXC8yMDIzXC8xMlwvVmliLUdvcnNlbDA5LmpwZyIsInNsaWRlc2hvdyI6IjA4NzZhOWUifQ%3D%3D\" href=\"https:\/\/encaturizm.com\/02-arac-kiralama\/wp-content\/uploads\/2023\/12\/Vib-Gorsel09.jpg\"><figure class=\"swiper-slide-inner\"><img decoding=\"async\" class=\"swiper-slide-image\" src=\"https:\/\/encaturizm.com\/02-arac-kiralama\/wp-content\/uploads\/2023\/12\/Vib-Gorsel09.jpg\" alt=\"Vib-Gorsel09\" \/><\/figure><\/a><\/div><div class=\"swiper-slide\"><a data-elementor-open-lightbox=\"yes\" data-elementor-lightbox-slideshow=\"0876a9e\" data-elementor-lightbox-title=\"Vib-Gorsel07\" e-action-hash=\"#elementor-action%3Aaction%3Dlightbox%26settings%3DeyJpZCI6MTE1NywidXJsIjoiaHR0cHM6XC9cL2VuY2F0dXJpem0uY29tXC8wMi1hcmFjLWtpcmFsYW1hXC93cC1jb250ZW50XC91cGxvYWRzXC8yMDIzXC8xMlwvVmliLUdvcnNlbDA3LmpwZyIsInNsaWRlc2hvdyI6IjA4NzZhOWUifQ%3D%3D\" href=\"https:\/\/encaturizm.com\/02-arac-kiralama\/wp-content\/uploads\/2023\/12\/Vib-Gorsel07.jpg\"><figure class=\"swiper-slide-inner\"><img decoding=\"async\" class=\"swiper-slide-image\" src=\"https:\/\/encaturizm.com\/02-arac-kiralama\/wp-content\/uploads\/2023\/12\/Vib-Gorsel07.jpg\" alt=\"Vib-Gorsel07\" \/><\/figure><\/a><\/div><div class=\"swiper-slide\"><a data-elementor-open-lightbox=\"yes\" data-elementor-lightbox-slideshow=\"0876a9e\" data-elementor-lightbox-title=\"Vib-Gorsel08\" e-action-hash=\"#elementor-action%3Aaction%3Dlightbox%26settings%3DeyJpZCI6MTE1OCwidXJsIjoiaHR0cHM6XC9cL2VuY2F0dXJpem0uY29tXC8wMi1hcmFjLWtpcmFsYW1hXC93cC1jb250ZW50XC91cGxvYWRzXC8yMDIzXC8xMlwvVmliLUdvcnNlbDA4LmpwZyIsInNsaWRlc2hvdyI6IjA4NzZhOWUifQ%3D%3D\" href=\"https:\/\/encaturizm.com\/02-arac-kiralama\/wp-content\/uploads\/2023\/12\/Vib-Gorsel08.jpg\"><figure class=\"swiper-slide-inner\"><img decoding=\"async\" class=\"swiper-slide-image\" src=\"https:\/\/encaturizm.com\/02-arac-kiralama\/wp-content\/uploads\/2023\/12\/Vib-Gorsel08.jpg\" alt=\"Vib-Gorsel08\" \/><\/figure><\/a><\/div>\t\t\t<\/div>\n\t\t\t\t\t\t\t\t\t\t\t\t\t\t\t\t<div class=\"elementor-swiper-button elementor-swiper-button-prev\">\n\t\t\t\t\t\t<i aria-hidden=\"true\" class=\"fas fa-chevron-circle-left\"><\/i>\t\t\t\t\t\t<span class=\"elementor-screen-only\">\u00d6nceki<\/span>\n\t\t\t\t\t<\/div>\n\t\t\t\t\t<div class=\"elementor-swiper-button elementor-swiper-button-next\">\n\t\t\t\t\t\t<i aria-hidden=\"true\" class=\"fas fa-chevron-circle-right\"><\/i>\t\t\t\t\t\t<span class=\"elementor-screen-only\">Sonraki<\/span>\n\t\t\t\t\t<\/div>\n\t\t\t\t\t\t\t\t\t<\/div>\n\t\t\t\t<\/div>\n\t\t\t\t<\/div>\n\t\t\t\t\t<\/div>\n\t\t<\/div>\n\t\t\t\t\t\t\t<\/div>\n\t\t<\/section>\n\t\t\t\t\t\t\t<\/div>\n\t\t","protected":false},"excerpt":{"rendered":"<p>Her Ge\u00e7en G\u00fcn Geni\u015fleyen Filomuzla Sizi D\u00fcnyan\u0131n D\u00f6rt Bir K\u00f6\u015fesiyle Bulu\u015fturuyoruz. Ara\u00e7lar\u0131m\u0131z \u00d6nceki Sonraki \u00d6nceki Sonraki \u00d6nceki Sonraki \u00d6nceki Sonraki<\/p>\n","protected":false},"author":1,"featured_media":0,"parent":0,"menu_order":0,"comment_status":"closed","ping_status":"closed","template":"","meta":{"footnotes":""},"class_list":["post-26","page","type-page","status-publish","hentry"],"_links":{"self":[{"href":"https:\/\/encaturizm.com\/02-arac-kiralama\/wp-json\/wp\/v2\/pages\/26","targetHints":{"allow":["GET"]}}],"collection":[{"href":"https:\/\/encaturizm.com\/02-arac-kiralama\/wp-json\/wp\/v2\/pages"}],"about":[{"href":"https:\/\/encaturizm.com\/02-arac-kiralama\/wp-json\/wp\/v2\/types\/page"}],"author":[{"embeddable":true,"href":"https:\/\/encaturizm.com\/02-arac-kiralama\/wp-json\/wp\/v2\/users\/1"}],"replies":[{"embeddable":true,"href":"https:\/\/encaturizm.com\/02-arac-kiralama\/wp-json\/wp\/v2\/comments?post=26"}],"version-history":[{"count":94,"href":"https:\/\/encaturizm.com\/02-arac-kiralama\/wp-json\/wp\/v2\/pages\/26\/revisions"}],"predecessor-version":[{"id":1241,"href":"https:\/\/encaturizm.com\/02-arac-kiralama\/wp-json\/wp\/v2\/pages\/26\/revisions\/1241"}],"wp:attachment":[{"href":"https:\/\/encaturizm.com\/02-arac-kiralama\/wp-json\/wp\/v2\/media?parent=26"}],"curies":[{"name":"wp","href":"https:\/\/api.w.org\/{rel}","templated":true}]}}