{"id":30,"date":"2022-08-29T12:55:10","date_gmt":"2022-08-29T09:55:10","guid":{"rendered":"https:\/\/encaturizm.com\/02-arac-kiralama\/?page_id=30"},"modified":"2022-09-01T00:04:51","modified_gmt":"2022-08-31T21:04:51","slug":"hizmetler","status":"publish","type":"page","link":"https:\/\/encaturizm.com\/02-arac-kiralama\/hizmetler\/","title":{"rendered":"Hizmetler"},"content":{"rendered":"\t\t<div data-elementor-type=\"wp-page\" data-elementor-id=\"30\" class=\"elementor elementor-30\">\n\t\t\t\t\t\t\t\t\t<section class=\"elementor-section elementor-top-section elementor-element elementor-element-86dc837 elementor-section-boxed elementor-section-height-default elementor-section-height-default\" data-id=\"86dc837\" data-element_type=\"section\">\n\t\t\t\t\t\t<div class=\"elementor-container elementor-column-gap-default\">\n\t\t\t\t\t<div class=\"elementor-column elementor-col-100 elementor-top-column elementor-element elementor-element-ad028f4\" data-id=\"ad028f4\" data-element_type=\"column\">\n\t\t\t<div class=\"elementor-widget-wrap elementor-element-populated\">\n\t\t\t\t\t\t\t\t<div class=\"elementor-element elementor-element-f70c09b elementor-widget elementor-widget-heading\" data-id=\"f70c09b\" data-element_type=\"widget\" data-widget_type=\"heading.default\">\n\t\t\t\t<div class=\"elementor-widget-container\">\n\t\t\t<style>\/*! elementor - v3.7.3 - 29-08-2022 *\/\n.elementor-heading-title{padding:0;margin:0;line-height:1}.elementor-widget-heading .elementor-heading-title[class*=elementor-size-]>a{color:inherit;font-size:inherit;line-height:inherit}.elementor-widget-heading .elementor-heading-title.elementor-size-small{font-size:15px}.elementor-widget-heading .elementor-heading-title.elementor-size-medium{font-size:19px}.elementor-widget-heading .elementor-heading-title.elementor-size-large{font-size:29px}.elementor-widget-heading .elementor-heading-title.elementor-size-xl{font-size:39px}.elementor-widget-heading .elementor-heading-title.elementor-size-xxl{font-size:59px}<\/style><h1 class=\"elementor-heading-title elementor-size-small\">Ta\u015f\u0131ma Sanat\u0131nda Uzman Bay ve Bayan \u015eof\u00f6rlerimizle, Siz M\u00fc\u015fterilerimizi Sahnenin Merkezine Koyma Amac\u0131n\u0131 Payla\u015f\u0131yoruz.<\/h1>\t\t<\/div>\n\t\t\t\t<\/div>\n\t\t\t\t\t<\/div>\n\t\t<\/div>\n\t\t\t\t\t\t\t<\/div>\n\t\t<\/section>\n\t\t\t\t<section class=\"elementor-section elementor-top-section elementor-element elementor-element-111335c elementor-section-boxed elementor-section-height-default elementor-section-height-default\" data-id=\"111335c\" data-element_type=\"section\">\n\t\t\t\t\t\t<div class=\"elementor-container elementor-column-gap-default\">\n\t\t\t\t\t<div class=\"elementor-column elementor-col-100 elementor-top-column elementor-element elementor-element-823b4a0\" data-id=\"823b4a0\" data-element_type=\"column\">\n\t\t\t<div class=\"elementor-widget-wrap elementor-element-populated\">\n\t\t\t\t\t\t\t\t<div class=\"elementor-element elementor-element-79686dd elementor-widget elementor-widget-heading\" data-id=\"79686dd\" data-element_type=\"widget\" data-widget_type=\"heading.default\">\n\t\t\t\t<div class=\"elementor-widget-container\">\n\t\t\t<h1 class=\"elementor-heading-title elementor-size-small\">Sundu\u011fumuz Hizmetlerimiz<\/h1>\t\t<\/div>\n\t\t\t\t<\/div>\n\t\t\t\t\t<\/div>\n\t\t<\/div>\n\t\t\t\t\t\t\t<\/div>\n\t\t<\/section>\n\t\t\t\t<section class=\"elementor-section elementor-top-section elementor-element elementor-element-5d97026 elementor-section-boxed elementor-section-height-default elementor-section-height-default\" data-id=\"5d97026\" data-element_type=\"section\">\n\t\t\t\t\t\t<div class=\"elementor-container elementor-column-gap-default\">\n\t\t\t\t\t<div class=\"elementor-column elementor-col-100 elementor-top-column elementor-element elementor-element-b375b68\" data-id=\"b375b68\" data-element_type=\"column\">\n\t\t\t<div class=\"elementor-widget-wrap elementor-element-populated\">\n\t\t\t\t\t\t\t\t<div class=\"elementor-element elementor-element-342df1b elementor-widget elementor-widget-spacer\" data-id=\"342df1b\" data-element_type=\"widget\" data-widget_type=\"spacer.default\">\n\t\t\t\t<div class=\"elementor-widget-container\">\n\t\t\t<style>\/*! elementor - v3.7.3 - 29-08-2022 *\/\n.elementor-column .elementor-spacer-inner{height:var(--spacer-size)}.e-container{--container-widget-width:100%}.e-container>.elementor-widget-spacer{width:var(--container-widget-width,var(--spacer-size));-ms-flex-item-align:stretch;align-self:stretch;-ms-flex-negative:0;flex-shrink:0}.e-container>.elementor-widget-spacer>.elementor-widget-container,.e-container>.elementor-widget-spacer>.elementor-widget-container>.elementor-spacer{height:100%}.e-container>.elementor-widget-spacer>.elementor-widget-container>.elementor-spacer>.elementor-spacer-inner{height:var(--container-widget-height,var(--spacer-size))}<\/style>\t\t<div class=\"elementor-spacer\">\n\t\t\t<div class=\"elementor-spacer-inner\"><\/div>\n\t\t<\/div>\n\t\t\t\t<\/div>\n\t\t\t\t<\/div>\n\t\t\t\t\t<\/div>\n\t\t<\/div>\n\t\t\t\t\t\t\t<\/div>\n\t\t<\/section>\n\t\t\t\t<section class=\"elementor-section elementor-top-section elementor-element elementor-element-3de0e9a elementor-section-boxed elementor-section-height-default elementor-section-height-default\" data-id=\"3de0e9a\" data-element_type=\"section\">\n\t\t\t\t\t\t<div class=\"elementor-container elementor-column-gap-extended\">\n\t\t\t\t\t<div class=\"elementor-column elementor-col-33 elementor-top-column elementor-element elementor-element-30e6071\" data-id=\"30e6071\" data-element_type=\"column\">\n\t\t\t<div class=\"elementor-widget-wrap elementor-element-populated\">\n\t\t\t\t\t\t\t\t<div class=\"elementor-element elementor-element-0e9dce0 elementor-widget__width-inherit e-transform elementor-position-top elementor-vertical-align-top elementor-widget elementor-widget-image-box\" data-id=\"0e9dce0\" data-element_type=\"widget\" data-settings=\"{&quot;_transform_scale_effect_hover&quot;:{&quot;unit&quot;:&quot;px&quot;,&quot;size&quot;:1.1,&quot;sizes&quot;:[]},&quot;_transform_scale_effect_hover_tablet&quot;:{&quot;unit&quot;:&quot;px&quot;,&quot;size&quot;:&quot;&quot;,&quot;sizes&quot;:[]},&quot;_transform_scale_effect_hover_mobile&quot;:{&quot;unit&quot;:&quot;px&quot;,&quot;size&quot;:&quot;&quot;,&quot;sizes&quot;:[]}}\" data-widget_type=\"image-box.default\">\n\t\t\t\t<div class=\"elementor-widget-container\">\n\t\t\t<style>\/*! elementor - v3.7.3 - 29-08-2022 *\/\n.elementor-widget-image-box .elementor-image-box-content{width:100%}@media (min-width:768px){.elementor-widget-image-box.elementor-position-left .elementor-image-box-wrapper,.elementor-widget-image-box.elementor-position-right .elementor-image-box-wrapper{display:-webkit-box;display:-ms-flexbox;display:flex}.elementor-widget-image-box.elementor-position-right .elementor-image-box-wrapper{text-align:right;-webkit-box-orient:horizontal;-webkit-box-direction:reverse;-ms-flex-direction:row-reverse;flex-direction:row-reverse}.elementor-widget-image-box.elementor-position-left .elementor-image-box-wrapper{text-align:left;-webkit-box-orient:horizontal;-webkit-box-direction:normal;-ms-flex-direction:row;flex-direction:row}.elementor-widget-image-box.elementor-position-top .elementor-image-box-img{margin:auto}.elementor-widget-image-box.elementor-vertical-align-top .elementor-image-box-wrapper{-webkit-box-align:start;-ms-flex-align:start;align-items:flex-start}.elementor-widget-image-box.elementor-vertical-align-middle .elementor-image-box-wrapper{-webkit-box-align:center;-ms-flex-align:center;align-items:center}.elementor-widget-image-box.elementor-vertical-align-bottom .elementor-image-box-wrapper{-webkit-box-align:end;-ms-flex-align:end;align-items:flex-end}}@media (max-width:767px){.elementor-widget-image-box .elementor-image-box-img{margin-left:auto!important;margin-right:auto!important;margin-bottom:15px}}.elementor-widget-image-box .elementor-image-box-img{display:inline-block}.elementor-widget-image-box .elementor-image-box-title a{color:inherit}.elementor-widget-image-box .elementor-image-box-wrapper{text-align:center}.elementor-widget-image-box .elementor-image-box-description{margin:0}<\/style><div class=\"elementor-image-box-wrapper\"><figure class=\"elementor-image-box-img\"><img decoding=\"async\" src=\"https:\/\/encaturizm.com\/02-arac-kiralama\/wp-content\/uploads\/2022\/08\/offer-1-1.jpg\" title=\"offer-1-1\" alt=\"offer-1-1\" \/><\/figure><div class=\"elementor-image-box-content\"><div class=\"elementor-image-box-title\">Ki\u015fiye \u00d6zel Vip Transfer<\/div><p class=\"elementor-image-box-description\"><span style=\"font-size:11.0pt;line-height:87%;\n\nmso-ansi-language:TR;mso-fareast-language:EN-US;mso-bidi-language:AR-SA\">Vip transfer hizmetlerimiz m\u00fc\u015fterilerimizin kar\u015f\u0131lanmas\u0131 ile ba\u015flamakta ve ula\u015fmak istedikleri son noktaya kadar g\u00fcven i\u00e7inde ula\u015fmalar\u0131 ile sona ermektedir.<\/span><\/p><\/div><\/div>\t\t<\/div>\n\t\t\t\t<\/div>\n\t\t\t\t\t<\/div>\n\t\t<\/div>\n\t\t\t\t<div class=\"elementor-column elementor-col-33 elementor-top-column elementor-element elementor-element-b0019d1\" data-id=\"b0019d1\" data-element_type=\"column\">\n\t\t\t<div class=\"elementor-widget-wrap elementor-element-populated\">\n\t\t\t\t\t\t\t\t<div class=\"elementor-element elementor-element-ea560ca elementor-widget__width-inherit e-transform elementor-position-top elementor-vertical-align-top elementor-widget elementor-widget-image-box\" data-id=\"ea560ca\" data-element_type=\"widget\" data-settings=\"{&quot;_transform_scale_effect_hover&quot;:{&quot;unit&quot;:&quot;px&quot;,&quot;size&quot;:1.1,&quot;sizes&quot;:[]},&quot;_transform_scale_effect_hover_tablet&quot;:{&quot;unit&quot;:&quot;px&quot;,&quot;size&quot;:&quot;&quot;,&quot;sizes&quot;:[]},&quot;_transform_scale_effect_hover_mobile&quot;:{&quot;unit&quot;:&quot;px&quot;,&quot;size&quot;:&quot;&quot;,&quot;sizes&quot;:[]}}\" data-widget_type=\"image-box.default\">\n\t\t\t\t<div class=\"elementor-widget-container\">\n\t\t\t<div class=\"elementor-image-box-wrapper\"><figure class=\"elementor-image-box-img\"><img decoding=\"async\" src=\"https:\/\/encaturizm.com\/02-arac-kiralama\/wp-content\/uploads\/2022\/08\/offer-1-2.jpg\" title=\"offer-1-2\" alt=\"offer-1-2\" \/><\/figure><div class=\"elementor-image-box-content\"><div class=\"elementor-image-box-title\">Hava Liman\u0131 Hotel Transfer<\/div><p class=\"elementor-image-box-description\"><span style=\"font-size:11.0pt;line-height:87%;\n\nmso-ansi-language:TR;mso-fareast-language:EN-US;mso-bidi-language:AR-SA\">Havaliman\u0131ndan al\u0131nan m\u00fc\u015fterilerimiz otellerine ya da ula\u015fmak istedikleri noktalara g\u00fcler y\u00fczl\u00fc ve insan ili\u015fkileri kuvvetli olan \u015fof\u00f6rlerimiz taraf\u0131ndan ula\u015ft\u0131r\u0131lmaktad\u0131rlar.<\/span><\/p><\/div><\/div>\t\t<\/div>\n\t\t\t\t<\/div>\n\t\t\t\t\t<\/div>\n\t\t<\/div>\n\t\t\t\t<div class=\"elementor-column elementor-col-33 elementor-top-column elementor-element elementor-element-b5dc5fd\" data-id=\"b5dc5fd\" data-element_type=\"column\">\n\t\t\t<div class=\"elementor-widget-wrap elementor-element-populated\">\n\t\t\t\t\t\t\t\t<div class=\"elementor-element elementor-element-e1fbb37 elementor-widget__width-inherit e-transform elementor-position-top elementor-vertical-align-top elementor-widget elementor-widget-image-box\" data-id=\"e1fbb37\" data-element_type=\"widget\" data-settings=\"{&quot;_transform_scale_effect_hover&quot;:{&quot;unit&quot;:&quot;px&quot;,&quot;size&quot;:1.1,&quot;sizes&quot;:[]},&quot;_transform_scale_effect_hover_tablet&quot;:{&quot;unit&quot;:&quot;px&quot;,&quot;size&quot;:&quot;&quot;,&quot;sizes&quot;:[]},&quot;_transform_scale_effect_hover_mobile&quot;:{&quot;unit&quot;:&quot;px&quot;,&quot;size&quot;:&quot;&quot;,&quot;sizes&quot;:[]}}\" data-widget_type=\"image-box.default\">\n\t\t\t\t<div class=\"elementor-widget-container\">\n\t\t\t<div class=\"elementor-image-box-wrapper\"><figure class=\"elementor-image-box-img\"><img decoding=\"async\" src=\"https:\/\/encaturizm.com\/02-arac-kiralama\/wp-content\/uploads\/2022\/08\/offer-1-3-1.jpg\" title=\"offer-1-3-1\" alt=\"offer-1-3-1\" \/><\/figure><div class=\"elementor-image-box-content\"><div class=\"elementor-image-box-title\">Toplant\u0131 & Organizasyon<\/div><p class=\"elementor-image-box-description\"><span style=\"font-size:11.0pt;line-height:87%;\n\nmso-ansi-language:TR;mso-fareast-language:EN-US;mso-bidi-language:AR-SA\">\u00c7al\u0131\u015fma arkada\u015flar\u0131n\u0131z veya m\u00fc\u015fterileriniz ile yapaca\u011f\u0131n\u0131z i\u015f toplant\u0131lar\u0131 ya da organizasyonlar\u0131 i\u00e7in zaman\u0131n \u00f6neminin fark\u0131nday\u0131z. H\u0131zl\u0131, g\u00fcvenli, zaman\u0131nda...<\/span><\/p><\/div><\/div>\t\t<\/div>\n\t\t\t\t<\/div>\n\t\t\t\t\t<\/div>\n\t\t<\/div>\n\t\t\t\t\t\t\t<\/div>\n\t\t<\/section>\n\t\t\t\t<section class=\"elementor-section elementor-top-section elementor-element elementor-element-21cb81d elementor-section-boxed elementor-section-height-default elementor-section-height-default\" data-id=\"21cb81d\" data-element_type=\"section\">\n\t\t\t\t\t\t<div class=\"elementor-container elementor-column-gap-default\">\n\t\t\t\t\t<div class=\"elementor-column elementor-col-100 elementor-top-column elementor-element elementor-element-434b9aa\" data-id=\"434b9aa\" data-element_type=\"column\">\n\t\t\t<div class=\"elementor-widget-wrap elementor-element-populated\">\n\t\t\t\t\t\t\t\t<div class=\"elementor-element elementor-element-4858112 elementor-widget elementor-widget-spacer\" data-id=\"4858112\" data-element_type=\"widget\" data-widget_type=\"spacer.default\">\n\t\t\t\t<div class=\"elementor-widget-container\">\n\t\t\t\t\t<div class=\"elementor-spacer\">\n\t\t\t<div class=\"elementor-spacer-inner\"><\/div>\n\t\t<\/div>\n\t\t\t\t<\/div>\n\t\t\t\t<\/div>\n\t\t\t\t\t<\/div>\n\t\t<\/div>\n\t\t\t\t\t\t\t<\/div>\n\t\t<\/section>\n\t\t\t\t<section class=\"elementor-section elementor-top-section elementor-element elementor-element-c7670af elementor-section-boxed elementor-section-height-default elementor-section-height-default\" data-id=\"c7670af\" data-element_type=\"section\">\n\t\t\t\t\t\t<div class=\"elementor-container elementor-column-gap-extended\">\n\t\t\t\t\t<div class=\"elementor-column elementor-col-33 elementor-top-column elementor-element elementor-element-894be68\" data-id=\"894be68\" data-element_type=\"column\">\n\t\t\t<div class=\"elementor-widget-wrap elementor-element-populated\">\n\t\t\t\t\t\t\t\t<div class=\"elementor-element elementor-element-5361be3 elementor-widget__width-inherit e-transform elementor-position-top elementor-vertical-align-top elementor-widget elementor-widget-image-box\" data-id=\"5361be3\" data-element_type=\"widget\" data-settings=\"{&quot;_transform_scale_effect_hover&quot;:{&quot;unit&quot;:&quot;px&quot;,&quot;size&quot;:1.1,&quot;sizes&quot;:[]},&quot;_transform_scale_effect_hover_tablet&quot;:{&quot;unit&quot;:&quot;px&quot;,&quot;size&quot;:&quot;&quot;,&quot;sizes&quot;:[]},&quot;_transform_scale_effect_hover_mobile&quot;:{&quot;unit&quot;:&quot;px&quot;,&quot;size&quot;:&quot;&quot;,&quot;sizes&quot;:[]}}\" data-widget_type=\"image-box.default\">\n\t\t\t\t<div class=\"elementor-widget-container\">\n\t\t\t<div class=\"elementor-image-box-wrapper\"><figure class=\"elementor-image-box-img\"><img decoding=\"async\" src=\"https:\/\/encaturizm.com\/02-arac-kiralama\/wp-content\/uploads\/2022\/08\/offer-1-1-1.jpg\" title=\"offer-1-1-1\" alt=\"offer-1-1-1\" \/><\/figure><div class=\"elementor-image-box-content\"><div class=\"elementor-image-box-title\">Gelin Arabas\u0131 Kiralama<\/div><p class=\"elementor-image-box-description\"><span style=\"font-size:11.0pt;line-height:87%;\n\nmso-ansi-language:TR;mso-fareast-language:EN-US;mso-bidi-language:AR-SA\">Hayalini kurdu\u011funuz bu \u00f6zel g\u00fcnde, birbirinden \u00f6zel d\u00fc\u011f\u00fcn g\u00fcnlerini \u015fenlendiren araba kiralama hizmetimiz son derece profesyonel ekibimizle sizlere e\u015flik etmekteyiz.<\/span><\/p><\/div><\/div>\t\t<\/div>\n\t\t\t\t<\/div>\n\t\t\t\t\t<\/div>\n\t\t<\/div>\n\t\t\t\t<div class=\"elementor-column elementor-col-33 elementor-top-column elementor-element elementor-element-f878e84\" data-id=\"f878e84\" data-element_type=\"column\">\n\t\t\t<div class=\"elementor-widget-wrap elementor-element-populated\">\n\t\t\t\t\t\t\t\t<div class=\"elementor-element elementor-element-1af6456 elementor-widget__width-inherit e-transform elementor-position-top elementor-vertical-align-top elementor-widget elementor-widget-image-box\" data-id=\"1af6456\" data-element_type=\"widget\" data-settings=\"{&quot;_transform_scale_effect_hover&quot;:{&quot;unit&quot;:&quot;px&quot;,&quot;size&quot;:1.1,&quot;sizes&quot;:[]},&quot;_transform_scale_effect_hover_tablet&quot;:{&quot;unit&quot;:&quot;px&quot;,&quot;size&quot;:&quot;&quot;,&quot;sizes&quot;:[]},&quot;_transform_scale_effect_hover_mobile&quot;:{&quot;unit&quot;:&quot;px&quot;,&quot;size&quot;:&quot;&quot;,&quot;sizes&quot;:[]}}\" data-widget_type=\"image-box.default\">\n\t\t\t\t<div class=\"elementor-widget-container\">\n\t\t\t<div class=\"elementor-image-box-wrapper\"><figure class=\"elementor-image-box-img\"><img decoding=\"async\" src=\"https:\/\/encaturizm.com\/02-arac-kiralama\/wp-content\/uploads\/2022\/08\/offer-1-2-1.jpg\" title=\"offer-1-2-1\" alt=\"offer-1-2-1\" \/><\/figure><div class=\"elementor-image-box-content\"><div class=\"elementor-image-box-title\">\u015eof\u00f6rl\u00fc Ara\u00e7 Kiralama<\/div><p class=\"elementor-image-box-description\"><span style=\"font-size:11.0pt;line-height:87%;\n\nmso-ansi-language:TR;mso-fareast-language:EN-US;mso-bidi-language:AR-SA\">Uzun bir yolculuk i\u00e7in bir \u015fof\u00f6re mi ihtiyac\u0131n\u0131z var? Mercedes ve BMW ara\u00e7 filomuz ile size profesyonel bir hizmet sunarken gitmeniz gereken mesafeyi fark etmeyeceksiniz.<\/span><\/p><\/div><\/div>\t\t<\/div>\n\t\t\t\t<\/div>\n\t\t\t\t\t<\/div>\n\t\t<\/div>\n\t\t\t\t<div class=\"elementor-column elementor-col-33 elementor-top-column elementor-element elementor-element-fb3a563\" data-id=\"fb3a563\" data-element_type=\"column\">\n\t\t\t<div class=\"elementor-widget-wrap elementor-element-populated\">\n\t\t\t\t\t\t\t\t<div class=\"elementor-element elementor-element-329847a elementor-widget__width-inherit e-transform elementor-position-top elementor-vertical-align-top elementor-widget elementor-widget-image-box\" data-id=\"329847a\" data-element_type=\"widget\" data-settings=\"{&quot;_transform_scale_effect_hover&quot;:{&quot;unit&quot;:&quot;px&quot;,&quot;size&quot;:1.1,&quot;sizes&quot;:[]},&quot;_transform_scale_effect_hover_tablet&quot;:{&quot;unit&quot;:&quot;px&quot;,&quot;size&quot;:&quot;&quot;,&quot;sizes&quot;:[]},&quot;_transform_scale_effect_hover_mobile&quot;:{&quot;unit&quot;:&quot;px&quot;,&quot;size&quot;:&quot;&quot;,&quot;sizes&quot;:[]}}\" data-widget_type=\"image-box.default\">\n\t\t\t\t<div class=\"elementor-widget-container\">\n\t\t\t<div class=\"elementor-image-box-wrapper\"><figure class=\"elementor-image-box-img\"><img decoding=\"async\" src=\"https:\/\/encaturizm.com\/02-arac-kiralama\/wp-content\/uploads\/2022\/08\/offer-1-3.jpg\" title=\"offer-1-3\" alt=\"offer-1-3\" \/><\/figure><div class=\"elementor-image-box-content\"><div class=\"elementor-image-box-title\">\u00d6zel Bagaj Ta\u015f\u0131ma<\/div><p class=\"elementor-image-box-description\"><span style=\"font-size:11.0pt;line-height:87%;\n\nmso-ansi-language:TR;mso-fareast-language:EN-US;mso-bidi-language:AR-SA\">En yayg\u0131n hizmetlerimizden biri olan bagaj ta\u015f\u0131ma hizmetimiz ile bagaj\u0131n\u0131z en h\u0131zl\u0131 ve g\u00fcvenli \u015fekilde ta\u015f\u0131n\u0131rken siz konforlu bir \u0130stanbul turunun tad\u0131n\u0131 \u00e7\u0131kar\u0131n.<\/span><\/p><\/div><\/div>\t\t<\/div>\n\t\t\t\t<\/div>\n\t\t\t\t\t<\/div>\n\t\t<\/div>\n\t\t\t\t\t\t\t<\/div>\n\t\t<\/section>\n\t\t\t\t<section class=\"elementor-section elementor-top-section elementor-element elementor-element-88eb685 elementor-section-boxed elementor-section-height-default elementor-section-height-default\" data-id=\"88eb685\" data-element_type=\"section\">\n\t\t\t\t\t\t<div class=\"elementor-container elementor-column-gap-default\">\n\t\t\t\t\t<div class=\"elementor-column elementor-col-100 elementor-top-column elementor-element elementor-element-38a601f\" data-id=\"38a601f\" data-element_type=\"column\">\n\t\t\t<div class=\"elementor-widget-wrap elementor-element-populated\">\n\t\t\t\t\t\t\t\t<div class=\"elementor-element elementor-element-5c525c2 elementor-widget elementor-widget-spacer\" data-id=\"5c525c2\" data-element_type=\"widget\" data-widget_type=\"spacer.default\">\n\t\t\t\t<div class=\"elementor-widget-container\">\n\t\t\t\t\t<div class=\"elementor-spacer\">\n\t\t\t<div class=\"elementor-spacer-inner\"><\/div>\n\t\t<\/div>\n\t\t\t\t<\/div>\n\t\t\t\t<\/div>\n\t\t\t\t\t<\/div>\n\t\t<\/div>\n\t\t\t\t\t\t\t<\/div>\n\t\t<\/section>\n\t\t\t\t\t\t\t<\/div>\n\t\t","protected":false},"excerpt":{"rendered":"<p>Ta\u015f\u0131ma Sanat\u0131nda Uzman Bay ve Bayan \u015eof\u00f6rlerimizle, Siz M\u00fc\u015fterilerimizi Sahnenin Merkezine Koyma Amac\u0131n\u0131 Payla\u015f\u0131yoruz. Sundu\u011fumuz Hizmetlerimiz Ki\u015fiye \u00d6zel Vip Transfer Vip transfer hizmetlerimiz m\u00fc\u015fterilerimizin kar\u015f\u0131lanmas\u0131 ile ba\u015flamakta ve ula\u015fmak istedikleri son noktaya kadar g\u00fcven i\u00e7inde ula\u015fmalar\u0131 ile sona ermektedir. Hava Liman\u0131 Hotel Transfer Havaliman\u0131ndan al\u0131nan m\u00fc\u015fterilerimiz otellerine ya da ula\u015fmak istedikleri noktalara g\u00fcler y\u00fczl\u00fc ve [&hellip;]<\/p>\n","protected":false},"author":1,"featured_media":0,"parent":0,"menu_order":0,"comment_status":"closed","ping_status":"closed","template":"","meta":{"footnotes":""},"class_list":["post-30","page","type-page","status-publish","hentry"],"_links":{"self":[{"href":"https:\/\/encaturizm.com\/02-arac-kiralama\/wp-json\/wp\/v2\/pages\/30","targetHints":{"allow":["GET"]}}],"collection":[{"href":"https:\/\/encaturizm.com\/02-arac-kiralama\/wp-json\/wp\/v2\/pages"}],"about":[{"href":"https:\/\/encaturizm.com\/02-arac-kiralama\/wp-json\/wp\/v2\/types\/page"}],"author":[{"embeddable":true,"href":"https:\/\/encaturizm.com\/02-arac-kiralama\/wp-json\/wp\/v2\/users\/1"}],"replies":[{"embeddable":true,"href":"https:\/\/encaturizm.com\/02-arac-kiralama\/wp-json\/wp\/v2\/comments?post=30"}],"version-history":[{"count":10,"href":"https:\/\/encaturizm.com\/02-arac-kiralama\/wp-json\/wp\/v2\/pages\/30\/revisions"}],"predecessor-version":[{"id":831,"href":"https:\/\/encaturizm.com\/02-arac-kiralama\/wp-json\/wp\/v2\/pages\/30\/revisions\/831"}],"wp:attachment":[{"href":"https:\/\/encaturizm.com\/02-arac-kiralama\/wp-json\/wp\/v2\/media?parent=30"}],"curies":[{"name":"wp","href":"https:\/\/api.w.org\/{rel}","templated":true}]}}