{"id":32,"date":"2022-08-29T12:55:34","date_gmt":"2022-08-29T09:55:34","guid":{"rendered":"https:\/\/encaturizm.com\/02-arac-kiralama\/?page_id=32"},"modified":"2022-09-01T01:29:57","modified_gmt":"2022-08-31T22:29:57","slug":"hakkimizda","status":"publish","type":"page","link":"https:\/\/encaturizm.com\/02-arac-kiralama\/hakkimizda\/","title":{"rendered":"Hakk\u0131m\u0131zda"},"content":{"rendered":"\t\t<div data-elementor-type=\"wp-page\" data-elementor-id=\"32\" class=\"elementor elementor-32\">\n\t\t\t\t\t\t\t\t\t<section class=\"elementor-section elementor-top-section elementor-element elementor-element-5b3f740 elementor-section-boxed elementor-section-height-default elementor-section-height-default\" data-id=\"5b3f740\" data-element_type=\"section\">\n\t\t\t\t\t\t<div class=\"elementor-container elementor-column-gap-default\">\n\t\t\t\t\t<div class=\"elementor-column elementor-col-100 elementor-top-column elementor-element elementor-element-19ce893\" data-id=\"19ce893\" data-element_type=\"column\">\n\t\t\t<div class=\"elementor-widget-wrap elementor-element-populated\">\n\t\t\t\t\t\t\t\t<div class=\"elementor-element elementor-element-ddaad53 elementor-widget elementor-widget-heading\" data-id=\"ddaad53\" data-element_type=\"widget\" data-widget_type=\"heading.default\">\n\t\t\t\t<div class=\"elementor-widget-container\">\n\t\t\t<style>\/*! elementor - v3.7.3 - 29-08-2022 *\/\n.elementor-heading-title{padding:0;margin:0;line-height:1}.elementor-widget-heading .elementor-heading-title[class*=elementor-size-]>a{color:inherit;font-size:inherit;line-height:inherit}.elementor-widget-heading .elementor-heading-title.elementor-size-small{font-size:15px}.elementor-widget-heading .elementor-heading-title.elementor-size-medium{font-size:19px}.elementor-widget-heading .elementor-heading-title.elementor-size-large{font-size:29px}.elementor-widget-heading .elementor-heading-title.elementor-size-xl{font-size:39px}.elementor-widget-heading .elementor-heading-title.elementor-size-xxl{font-size:59px}<\/style><h1 class=\"elementor-heading-title elementor-size-small\">Hakk\u0131m\u0131zda<\/h1>\t\t<\/div>\n\t\t\t\t<\/div>\n\t\t\t\t\t<\/div>\n\t\t<\/div>\n\t\t\t\t\t\t\t<\/div>\n\t\t<\/section>\n\t\t\t\t<section class=\"elementor-section elementor-top-section elementor-element elementor-element-6858592 elementor-section-boxed elementor-section-height-default elementor-section-height-default\" data-id=\"6858592\" data-element_type=\"section\">\n\t\t\t\t\t\t<div class=\"elementor-container elementor-column-gap-default\">\n\t\t\t\t\t<div class=\"elementor-column elementor-col-100 elementor-top-column elementor-element elementor-element-3c64023\" data-id=\"3c64023\" data-element_type=\"column\">\n\t\t\t<div class=\"elementor-widget-wrap elementor-element-populated\">\n\t\t\t\t\t\t\t\t<div class=\"elementor-element elementor-element-11124a3 elementor-widget elementor-widget-image\" data-id=\"11124a3\" data-element_type=\"widget\" data-widget_type=\"image.default\">\n\t\t\t\t<div class=\"elementor-widget-container\">\n\t\t\t<style>\/*! elementor - v3.7.3 - 29-08-2022 *\/\n.elementor-widget-image{text-align:center}.elementor-widget-image a{display:inline-block}.elementor-widget-image a img[src$=\".svg\"]{width:48px}.elementor-widget-image img{vertical-align:middle;display:inline-block}<\/style>\t\t\t\t\t\t\t\t\t\t\t\t<img loading=\"lazy\" decoding=\"async\" width=\"666\" height=\"307\" src=\"https:\/\/encaturizm.com\/02-arac-kiralama\/wp-content\/uploads\/2022\/09\/ORG_LOGO_hakkimizda.png\" class=\"attachment-large size-large\" alt=\"\" srcset=\"https:\/\/encaturizm.com\/02-arac-kiralama\/wp-content\/uploads\/2022\/09\/ORG_LOGO_hakkimizda.png 666w, https:\/\/encaturizm.com\/02-arac-kiralama\/wp-content\/uploads\/2022\/09\/ORG_LOGO_hakkimizda-300x138.png 300w\" sizes=\"auto, (max-width: 666px) 100vw, 666px\" \/>\t\t\t\t\t\t\t\t\t\t\t\t\t\t\t<\/div>\n\t\t\t\t<\/div>\n\t\t\t\t\t<\/div>\n\t\t<\/div>\n\t\t\t\t\t\t\t<\/div>\n\t\t<\/section>\n\t\t\t\t<section class=\"elementor-section elementor-top-section elementor-element elementor-element-97818b7 elementor-section-boxed elementor-section-height-default elementor-section-height-default\" data-id=\"97818b7\" data-element_type=\"section\">\n\t\t\t\t\t\t<div class=\"elementor-container elementor-column-gap-default\">\n\t\t\t\t\t<div class=\"elementor-column elementor-col-100 elementor-top-column elementor-element elementor-element-a85b182\" data-id=\"a85b182\" data-element_type=\"column\">\n\t\t\t<div class=\"elementor-widget-wrap elementor-element-populated\">\n\t\t\t\t\t\t\t\t<div class=\"elementor-element elementor-element-caf8cbc elementor-widget elementor-widget-heading\" data-id=\"caf8cbc\" data-element_type=\"widget\" data-widget_type=\"heading.default\">\n\t\t\t\t<div class=\"elementor-widget-container\">\n\t\t\t<h4 class=\"elementor-heading-title elementor-size-default\">Kar\u015f\u0131l\u0131kl\u0131 g\u00fcven, sayg\u0131, kaliteli hizmet, m\u00fc\u015fteri memnuniyeti, d\u00fcr\u00fcst \u00e7al\u0131\u015fma ve m\u00fc\u015fteri odakl\u0131 \u00e7al\u0131\u015fma prensibini ilke olarak benimseyen \u015firketimiz; bunun do\u011frultusunda m\u00fc\u015fterilerimizin en konforlu ve rahat yolculu\u011fu en uygun fiyatlarla elde etmelerini sa\u011flam\u0131\u015ft\u0131r. Konforu ve beraberinde mutlulu\u011fu ya\u015faman\u0131z i\u00e7in 7\/24 profesyonel kadrosuyla her zaman yan\u0131n\u0131zda hizmet prensibiyle hareket eden \u015firket; kiralad\u0131\u011f\u0131n\u0131z ara\u00e7la ilgili herhangi bir endi\u015fe duymaman\u0131z ve her \u015feyin Sizlerin kontrol\u00fcn\u00fcz alt\u0131nda olmas\u0131n\u0131 sa\u011flamak i\u00e7in t\u00fcm ara\u00e7lar\u0131n\u0131, her bir kiralama \u00f6ncesinde g\u00fcvenlik a\u00e7\u0131s\u0131ndan kontrol edilmekte, temizlenmektedir.<br><br>\nSekt\u00f6r\u00fcn liderli\u011fini hedefleyen Vip Kiralama, m\u00fc\u015fterilerine V\u0130P ayr\u0131cal\u0131\u011f\u0131n\u0131 ve konforunu sa\u011flayarak gelece\u011fin kiralama y\u00f6ntemini adeta yeniden \u015fekillendirmektedir.<\/h4>\t\t<\/div>\n\t\t\t\t<\/div>\n\t\t\t\t\t<\/div>\n\t\t<\/div>\n\t\t\t\t\t\t\t<\/div>\n\t\t<\/section>\n\t\t\t\t\t\t\t<\/div>\n\t\t","protected":false},"excerpt":{"rendered":"<p>Hakk\u0131m\u0131zda Kar\u015f\u0131l\u0131kl\u0131 g\u00fcven, sayg\u0131, kaliteli hizmet, m\u00fc\u015fteri memnuniyeti, d\u00fcr\u00fcst \u00e7al\u0131\u015fma ve m\u00fc\u015fteri odakl\u0131 \u00e7al\u0131\u015fma prensibini ilke olarak benimseyen \u015firketimiz; bunun do\u011frultusunda m\u00fc\u015fterilerimizin en konforlu ve rahat yolculu\u011fu en uygun fiyatlarla elde etmelerini sa\u011flam\u0131\u015ft\u0131r. Konforu ve beraberinde mutlulu\u011fu ya\u015faman\u0131z i\u00e7in 7\/24 profesyonel kadrosuyla her zaman yan\u0131n\u0131zda hizmet prensibiyle hareket eden \u015firket; kiralad\u0131\u011f\u0131n\u0131z ara\u00e7la ilgili herhangi bir [&hellip;]<\/p>\n","protected":false},"author":1,"featured_media":0,"parent":0,"menu_order":0,"comment_status":"closed","ping_status":"closed","template":"","meta":{"footnotes":""},"class_list":["post-32","page","type-page","status-publish","hentry"],"_links":{"self":[{"href":"https:\/\/encaturizm.com\/02-arac-kiralama\/wp-json\/wp\/v2\/pages\/32","targetHints":{"allow":["GET"]}}],"collection":[{"href":"https:\/\/encaturizm.com\/02-arac-kiralama\/wp-json\/wp\/v2\/pages"}],"about":[{"href":"https:\/\/encaturizm.com\/02-arac-kiralama\/wp-json\/wp\/v2\/types\/page"}],"author":[{"embeddable":true,"href":"https:\/\/encaturizm.com\/02-arac-kiralama\/wp-json\/wp\/v2\/users\/1"}],"replies":[{"embeddable":true,"href":"https:\/\/encaturizm.com\/02-arac-kiralama\/wp-json\/wp\/v2\/comments?post=32"}],"version-history":[{"count":55,"href":"https:\/\/encaturizm.com\/02-arac-kiralama\/wp-json\/wp\/v2\/pages\/32\/revisions"}],"predecessor-version":[{"id":1008,"href":"https:\/\/encaturizm.com\/02-arac-kiralama\/wp-json\/wp\/v2\/pages\/32\/revisions\/1008"}],"wp:attachment":[{"href":"https:\/\/encaturizm.com\/02-arac-kiralama\/wp-json\/wp\/v2\/media?parent=32"}],"curies":[{"name":"wp","href":"https:\/\/api.w.org\/{rel}","templated":true}]}}